{"id":431,"date":"2020-05-14T13:19:21","date_gmt":"2020-05-14T11:19:21","guid":{"rendered":"https:\/\/www.palazzomagnani.it\/mag\/?page_id=431"},"modified":"2025-04-29T19:19:08","modified_gmt":"2025-04-29T17:19:08","slug":"emme-pensieri-per-immagini","status":"publish","type":"page","link":"https:\/\/www.palazzomagnani.it\/mag\/emme-pensieri-per-immagini\/","title":{"rendered":"EMME. Pensieri per immagini"},"content":{"rendered":"\n<blockquote class=\"wp-block-quote is-layout-flow wp-block-quote-is-layout-flow\">\n<p>Se l&#8217;occhio non fosse solare,<br>come potremmo vedere la luce?<span class=\"has-inline-color has-color-1-color\"> <\/span><br><span class=\"has-inline-color has-color-1-color\">(Goethe)<\/span><\/p>\n<\/blockquote>\n\n\n\n<p>EMME nasce per dare voce alle immagini. Nella lingua greca antica  &#8220;<strong>idea<\/strong>&#8221; e il tempo passato di &#8220;<strong>vedere<\/strong>&#8221; (dunque aver generato un&#8217;<strong>immagine<\/strong>) condividono la medesima radice. Questo perch\u00e9 la triade materiale sole-luce-occhio trova il suo analogo in quella immateriale Logos-pensiero-mente: cos\u00ec come il pensiero riflette il Logos mediante l&#8217;organo che il Logos stesso si \u00e8 costruito in milleni di evoluzione, analogamente l&#8217;occhio, poich\u00e9 plasmato dal sole, offre alla materia luminosa la possibilit\u00e0 di essere catturata affinch\u00e9 si possa manifestare. Arrivarono poi, dono degli D\u00e8i buoni, il sole artificiale prima (il fuoco) e l&#8217;occhio artificiale (fotocamera) poi. Il resto \u00e8 storia dei nostri giorni, particolarmente impegnati nella conquista della tessera mancante, la mente artificiale. <\/p>\n\n\n\n<figure class=\"wp-block-image alignfull size-large\"><img loading=\"lazy\" decoding=\"async\" width=\"1024\" height=\"573\" src=\"https:\/\/www.palazzomagnani.it\/mag\/wp-content\/uploads\/2020\/05\/emard_01-1-1024x573.jpg\" alt=\"\" class=\"wp-image-450\" srcset=\"https:\/\/www.palazzomagnani.it\/mag\/wp-content\/uploads\/2020\/05\/emard_01-1-1024x573.jpg 1024w, https:\/\/www.palazzomagnani.it\/mag\/wp-content\/uploads\/2020\/05\/emard_01-1-300x168.jpg 300w, https:\/\/www.palazzomagnani.it\/mag\/wp-content\/uploads\/2020\/05\/emard_01-1-768x430.jpg 768w, https:\/\/www.palazzomagnani.it\/mag\/wp-content\/uploads\/2020\/05\/emard_01-1-1536x860.jpg 1536w, https:\/\/www.palazzomagnani.it\/mag\/wp-content\/uploads\/2020\/05\/emard_01-1-2048x1146.jpg 2048w\" sizes=\"auto, (max-width: 1024px) 100vw, 1024px\" \/><figcaption class=\"wp-element-caption\"><em>Co(AI)xistence<\/em>, Justine Emard<br>video installation, 12\u2032&nbsp;(with Mirai Moriyama &amp; Alter- developed by Ishiguro lab, Osaka University and Ikegami Lab, Tokyo University)&nbsp;<\/figcaption><\/figure>\n\n\n\n<p>La <strong><a rel=\"noreferrer noopener\" href=\"http:\/\/www.palazzomagnani.it\" target=\"_blank\">Fondazione Palazzo Magnani<\/a><\/strong>, da sempre vocata alle arti visive, da tempo pensava ad uno strumento di esposizione e riflessione a partire dalle immagini, uno spazio che potesse vivere oltre le mostre tradizionali.<\/p>\n\n\n\n<p>Se \u00e8 vero che le mostre d&#8217;arte servono a esibire opere affinch\u00e9 dall&#8217;esperienza estetica si possano poi <strong>generare pensieri<\/strong>, allora diventa necessario un luogo dove questi pensieri possano circolare, pubblicamente, esposti alla discussione e alla loro trasformazione.<\/p>\n\n\n\n<p>Li raccoglieremo in quattro aree tematiche e una rubrica annuale:<\/p>\n\n\n\n<p><strong><a href=\"..\/category\/vedere\">Vedere<\/a><\/strong>:  tutto ci\u00f2 che sollecita primariamente il senso della vista, sapendo per\u00f2 che le immagini nascono soprattutto dalla collaborazione di tutti i sensi.<\/p>\n\n\n\n<p><strong><a href=\"..\/category\/andare\">Andare<\/a><\/strong>: il movimento favorisce la mobilit\u00e0 dei pensieri, lo sapevano gi\u00e0 gli antichi. Attraverseremo, dunque, luoghi diversi, con uno sguardo privilegiato sul nostro territorio, dal Po al crinale appenninico.<\/p>\n\n\n\n<p><a href=\"..\/category\/crescere\"><strong>Crescere<\/strong><\/a>: Reggio, si sa, \u00e8 citt\u00e0 con storica e riconosciuta vocazione all&#8217;educazione e alla cura dei pi\u00f9 fragili. Sperimenta, inventa, provoca, mescola, sostiene e pratica concretamente modelli educativi d&#8217;avanguardia. Una pedagogia dell&#8217;immagine, soprattutto oggi, ha bisogno di trovare uno spazio in cui potersi riflettere.<\/p>\n\n\n\n<p><strong><a href=\"..\/category\/costruire\">Costruire<\/a><\/strong>: cantieri eterni sono quelle idee che continuamente ci interrogano, a partire da esperienze passate che hanno ancora qualcosa da dirci e da suggerirci, per un futuro tutto da costruire.<\/p>\n\n\n\n<p>La rubrica annuale \u00e8 la versione digitale di un foglio cartaceo, <strong>Anemorf\u00f2si<\/strong>, stampato e distribuito in citt\u00e0 all&#8217;inizio della stagione culturale, un annuario preventivo, i cui articoli saranno anche pubblicati qui per poterli discutere e commentare.<\/p>\n\n\n\n<p>Iniziamo.<\/p>\n\n\n\n<p><em>Reggio Emilia, 30 settembre 2020<\/em><\/p>\n\n\n\n<p><\/p>\n","protected":false},"excerpt":{"rendered":"<p>Se l&#8217;occhio non fosse solare,come potremmo vedere la luce? (Goethe) EMME nasce per dare voce alle immagini. Nella lingua greca antica &#8220;idea&#8221; e il tempo&#8230;<\/p>\n","protected":false},"author":1,"featured_media":0,"parent":0,"menu_order":0,"comment_status":"closed","ping_status":"closed","template":"","meta":{"footnotes":""},"class_list":["post-431","page","type-page","status-publish","hentry"],"_links":{"self":[{"href":"https:\/\/www.palazzomagnani.it\/mag\/wp-json\/wp\/v2\/pages\/431","targetHints":{"allow":["GET"]}}],"collection":[{"href":"https:\/\/www.palazzomagnani.it\/mag\/wp-json\/wp\/v2\/pages"}],"about":[{"href":"https:\/\/www.palazzomagnani.it\/mag\/wp-json\/wp\/v2\/types\/page"}],"author":[{"embeddable":true,"href":"https:\/\/www.palazzomagnani.it\/mag\/wp-json\/wp\/v2\/users\/1"}],"replies":[{"embeddable":true,"href":"https:\/\/www.palazzomagnani.it\/mag\/wp-json\/wp\/v2\/comments?post=431"}],"version-history":[{"count":63,"href":"https:\/\/www.palazzomagnani.it\/mag\/wp-json\/wp\/v2\/pages\/431\/revisions"}],"predecessor-version":[{"id":1430,"href":"https:\/\/www.palazzomagnani.it\/mag\/wp-json\/wp\/v2\/pages\/431\/revisions\/1430"}],"wp:attachment":[{"href":"https:\/\/www.palazzomagnani.it\/mag\/wp-json\/wp\/v2\/media?parent=431"}],"curies":[{"name":"wp","href":"https:\/\/api.w.org\/{rel}","templated":true}]}}