{"id":1339,"date":"2020-11-17T17:16:07","date_gmt":"2020-11-17T16:16:07","guid":{"rendered":"https:\/\/www.palazzomagnani.it\/myfpm\/cosa-puoi-fare-su-myfpm\/aziende-partner\/"},"modified":"2020-12-15T14:17:45","modified_gmt":"2020-12-15T13:17:45","slug":"aziende-partner","status":"publish","type":"page","link":"https:\/\/www.palazzomagnani.it\/myfpm\/cosa-puoi-fare-su-myfpm\/aziende-partner\/","title":{"rendered":"Aziende partner"},"content":{"rendered":"<div class=\"fusion-fullwidth fullwidth-box fusion-builder-row-1 fusion-flex-container nonhundred-percent-fullwidth non-hundred-percent-height-scrolling\" style=\"background-color: rgba(255,255,255,0);background-position: center center;background-repeat: no-repeat;border-width: 0px 0px 0px 0px;border-color:#e8eaf0;border-style:solid;\" ><div class=\"fusion-builder-row fusion-row fusion-flex-align-items-flex-start\" style=\"max-width:1310.4px;margin-left: calc(-4% \/ 2 );margin-right: calc(-4% \/ 2 );\"><div class=\"fusion-layout-column fusion_builder_column fusion-builder-column-0 fusion_builder_column_1_2 1_2 fusion-flex-column\"><div class=\"fusion-column-wrapper fusion-flex-justify-content-flex-start fusion-content-layout-column\" style=\"background-position:left top;background-repeat:no-repeat;-webkit-background-size:cover;-moz-background-size:cover;-o-background-size:cover;background-size:cover;padding: 0px 0px 0px 0px;\"><style type=\"text\/css\">@media only screen and (max-width:1024px) {.fusion-title.fusion-title-1{margin-top:10px!important; margin-right:0px!important;margin-bottom:20px!important;margin-left:0px!important;}}@media only screen and (max-width:640px) {.fusion-title.fusion-title-1{margin-top:0px!important; margin-right:0px!important;margin-bottom:20px!important; margin-left:0px!important;}}<\/style><div class=\"fusion-title title fusion-title-1 fusion-sep-none fusion-title-text fusion-title-size-two\" style=\"margin-top:10px;margin-right:0px;margin-bottom:20px;margin-left:0px;\"><h2 class=\"title-heading-left fusion-responsive-typography-calculated\" style=\"margin:0;--fontSize:38;line-height:1.3;\">5 buoni motivi per i quali la tua azienda dovrebbe avere una nostra Carta Azienda<\/h2><\/div><style type=\"text\/css\">.fusion-accordian  #accordion-1339-1 .panel-title a .fa-fusion-box{ color: #ffffff;}.fusion-accordian  #accordion-1339-1 .panel-title a .fa-fusion-box:before{ font-size: 13px; width: 13px;}.fusion-accordian  #accordion-1339-1 .panel-title a{font-size:24px;}.fusion-accordian  #accordion-1339-1 .fa-fusion-box { background-color: #202020;border-color: #202020;}.fusion-accordian  #accordion-1339-1 .panel-title a:hover, #accordion-1339-1 .fusion-toggle-boxed-mode:hover .panel-title a { color: #ffa737;}.fusion-accordian  #accordion-1339-1 .panel-title .active .fa-fusion-box,.fusion-accordian  #accordion-1339-1 .panel-title a:hover .fa-fusion-box { background-color: #ffa737!important;border-color: #ffa737!important;}<\/style><div class=\"accordian fusion-accordian\"><div class=\"panel-group\" id=\"accordion-1339-1\"><div class=\"fusion-panel panel-default\"><div class=\"panel-heading\"><h4 class=\"panel-title toggle\"><a aria-expanded=\"false\" aria-controls=\"69de1ae74a6079f86\" role=\"button\" data-toggle=\"collapse\" data-parent=\"#accordion-1339-1\" data-target=\"#69de1ae74a6079f86\" href=\"#69de1ae74a6079f86\"><span class=\"fusion-toggle-icon-wrapper\" aria-hidden=\"true\"><i class=\"fa-fusion-box\" aria-hidden=\"true\"><\/i><\/span><span class=\"fusion-toggle-heading\">Il denaro di dono genera innovazione<\/span><\/a><\/h4><\/div><div id=\"69de1ae74a6079f86\" class=\"panel-collapse collapse \"><div class=\"panel-body toggle-content fusion-clearfix\">\n<p>La sottoscrizione di una Carta Azienda \u00e8 di fatto una erogazione liberale, fiscalmente detraibile. L&#8217;atto del dono libera la potenza generativa del denaro, poich\u00e9, solo in questo modo, pu\u00f2 prendere finalit\u00e0 differenti da quelle che lo hanno originato, favorendo cos\u00ec innovazione e nuova vita ideale.<\/p>\n<\/div><\/div><\/div><div class=\"fusion-panel panel-default\"><div class=\"panel-heading\"><h4 class=\"panel-title toggle\"><a aria-expanded=\"false\" aria-controls=\"a3c33d4091ed69b86\" role=\"button\" data-toggle=\"collapse\" data-parent=\"#accordion-1339-1\" data-target=\"#a3c33d4091ed69b86\" href=\"#a3c33d4091ed69b86\"><span class=\"fusion-toggle-icon-wrapper\" aria-hidden=\"true\"><i class=\"fa-fusion-box\" aria-hidden=\"true\"><\/i><\/span><span class=\"fusion-toggle-heading\">Sviluppa azioni di co-branding<\/span><\/a><\/h4><\/div><div id=\"a3c33d4091ed69b86\" class=\"panel-collapse collapse \"><div class=\"panel-body toggle-content fusion-clearfix\">\n<p>Affiancare il brand della tua azienda a quello della Fondazione Palazzo Magnani significa sostenere la tua comunit\u00e0 e posizionarsi a livello locale e nazionale nel settore dell&#8217;arte, grazie a oltre 20 anni di progetti e relazioni con le pi\u00f9 importanti istituzioni museali italiane ed estere.<\/p>\n<\/div><\/div><\/div><div class=\"fusion-panel panel-default\"><div class=\"panel-heading\"><h4 class=\"panel-title toggle\"><a aria-expanded=\"false\" aria-controls=\"ba4941b143ef39b49\" role=\"button\" data-toggle=\"collapse\" data-parent=\"#accordion-1339-1\" data-target=\"#ba4941b143ef39b49\" href=\"#ba4941b143ef39b49\"><span class=\"fusion-toggle-icon-wrapper\" aria-hidden=\"true\"><i class=\"fa-fusion-box\" aria-hidden=\"true\"><\/i><\/span><span class=\"fusion-toggle-heading\">Raggiungi diverse tipologie di pubblico<\/span><\/a><\/h4><\/div><div id=\"ba4941b143ef39b49\" class=\"panel-collapse collapse \"><div class=\"panel-body toggle-content fusion-clearfix\">\n<p>Le iniziative culturali della Fondazione sono molteplici e orientate a diverse tipologie di pubblico: appassionati e professionisti della cultura e dell&#8217;arte, scuole, bambini e famiglie, spaziando dalla mostra tradizionale allo spettacolo live e al pi\u00f9 importante festival fotografico italiano, lungo due mesi.<\/p>\n<\/div><\/div><\/div><div class=\"fusion-panel panel-default\"><div class=\"panel-heading\"><h4 class=\"panel-title toggle\"><a aria-expanded=\"false\" aria-controls=\"6955c8202d5ce6fc1\" role=\"button\" data-toggle=\"collapse\" data-parent=\"#accordion-1339-1\" data-target=\"#6955c8202d5ce6fc1\" href=\"#6955c8202d5ce6fc1\"><span class=\"fusion-toggle-icon-wrapper\" aria-hidden=\"true\"><i class=\"fa-fusion-box\" aria-hidden=\"true\"><\/i><\/span><span class=\"fusion-toggle-heading\">Scegli diversi luoghi per i tuoi eventi<\/span><\/a><\/h4><\/div><div id=\"6955c8202d5ce6fc1\" class=\"panel-collapse collapse \"><div class=\"panel-body toggle-content fusion-clearfix\">\n<p>Non solo il Palazzo di Corso Garibaldi, ma anche Palazzo Da Mosto, i Chiostri di San Pietro e il grande parco della Reggia di Rivalta. La visibilit\u00e0 del tuo brand diffusa in citt\u00e0 nei luoghi pi\u00f9 prestigiosi, dove potrai organizzare eventi speciali, visite guidate a porte chiuse per i tuoi clienti e collaboratori.<\/p>\n<\/div><\/div><\/div><div class=\"fusion-panel panel-default\"><div class=\"panel-heading\"><h4 class=\"panel-title toggle\"><a aria-expanded=\"false\" aria-controls=\"03824eee44ee5d930\" role=\"button\" data-toggle=\"collapse\" data-parent=\"#accordion-1339-1\" data-target=\"#03824eee44ee5d930\" href=\"#03824eee44ee5d930\"><span class=\"fusion-toggle-icon-wrapper\" aria-hidden=\"true\"><i class=\"fa-fusion-box\" aria-hidden=\"true\"><\/i><\/span><span class=\"fusion-toggle-heading\">Promuovi il Walfare Aziendale<\/span><\/a><\/h4><\/div><div id=\"03824eee44ee5d930\" class=\"panel-collapse collapse \"><div class=\"panel-body toggle-content fusion-clearfix\">\n<p>Una proposta ricca di beni e servizi progettati per i tuoi dipendenti, per accrescere il loro potere di spesa, la salute e il benessere della loro famiglia. Facilitare l&#8217;accesso ai luoghi e alle attivit\u00e0 della cultura e dell&#8217;arte significa favorire la qualit\u00e0 della vita degli individui e, insieme, la salute del corpo sociale di una comunit\u00e0.<\/p>\n<\/div><\/div><\/div><\/div><\/div><div class=\"fusion-separator fusion-full-width-sep\" style=\"align-self: center;margin-left: auto;margin-right: auto;margin-top:30px;margin-bottom:30px;width:100%;\"><\/div><div class=\"fusion-text fusion-text-1\"><p>Contatta il nostro Staff, studieremo insieme la soluzione pi\u00f9 adatta ai bisogni della tua azienda.<\/p>\n<\/div><style type=\"text\/css\">.fusion-accordian  #accordion-1339-2 .panel-title a .fa-fusion-box{ color: #ffffff;}.fusion-accordian  #accordion-1339-2 .panel-title a .fa-fusion-box:before{ font-size: 13px; width: 13px;}.fusion-accordian  #accordion-1339-2 .panel-title a{font-size:24px;}.fusion-accordian  #accordion-1339-2 .fa-fusion-box { background-color: #e01d20;border-color: #e01d20;}.fusion-accordian  #accordion-1339-2 .panel-title a:hover, #accordion-1339-2 .fusion-toggle-boxed-mode:hover .panel-title a { color: #000000;}.fusion-accordian  #accordion-1339-2 .panel-title .active .fa-fusion-box,.fusion-accordian  #accordion-1339-2 .panel-title a:hover .fa-fusion-box { background-color: #000000!important;border-color: #000000!important;}<\/style><div class=\"accordian fusion-accordian\"><div class=\"panel-group\" id=\"accordion-1339-2\"><div class=\"fusion-panel panel-default\"><div class=\"panel-heading\"><h4 class=\"panel-title toggle\"><a aria-expanded=\"false\" aria-controls=\"c49bcd68077da200b\" role=\"button\" data-toggle=\"collapse\" data-parent=\"#accordion-1339-2\" data-target=\"#c49bcd68077da200b\" href=\"#c49bcd68077da200b\"><span class=\"fusion-toggle-icon-wrapper\" aria-hidden=\"true\"><i class=\"fa-fusion-box\" aria-hidden=\"true\"><\/i><\/span><span class=\"fusion-toggle-heading\">Compila il modulo di contatto<\/span><\/a><\/h4><\/div><div id=\"c49bcd68077da200b\" class=\"panel-collapse collapse \"><div class=\"panel-body toggle-content fusion-clearfix\">\n<style>.fusion-form-form-wrapper .fusion-form-1655 .fusion-form-tooltip .fusion-form-tooltip-content{color:#ffffff !important;background-color:#333333 !important;border-color:#333333 !important;}<\/style><div class=\"fusion-form fusion-form-builder fusion-form-form-wrapper fusion-form-1655\" data-form-id=\"1655\" data-config=\"{&quot;form_id&quot;:&quot;1655&quot;,&quot;form_post_id&quot;:&quot;1655&quot;,&quot;post_id&quot;:1339,&quot;form_type&quot;:&quot;database_email&quot;,&quot;confirmation_type&quot;:&quot;message&quot;,&quot;redirect_url&quot;:&quot;&quot;,&quot;field_labels&quot;:{&quot;cognome&quot;:&quot;Cognome&quot;,&quot;nome&quot;:&quot;Nome&quot;,&quot;ragione_sociale_della_tua_azienda&quot;:&quot;Ragione Sociale della tua azienda&quot;,&quot;sito_web_azienda&quot;:&quot;Sito web azienda&quot;,&quot;telefono&quot;:&quot;Telefono&quot;,&quot;e-mail&quot;:&quot;e-mail&quot;,&quot;sono_interessato_a_&quot;:&quot;Sono interessato a ...&quot;},&quot;field_logics&quot;:{&quot;cognome&quot;:&quot;&quot;,&quot;nome&quot;:&quot;&quot;,&quot;ragione_sociale_della_tua_azienda&quot;:&quot;&quot;,&quot;sito_web_azienda&quot;:&quot;&quot;,&quot;telefono&quot;:&quot;&quot;,&quot;e-mail&quot;:&quot;&quot;,&quot;sono_interessato_a_&quot;:&quot;&quot;}}\"><form action=\"https:\/\/www.palazzomagnani.it\/myfpm\/cosa-puoi-fare-su-myfpm\/aziende-partner\/\" method=\"post\" class=\"fusion-form fusion-form-1655\"><div class=\"fusion-fullwidth fullwidth-box fusion-builder-row-1-1 fusion-flex-container nonhundred-percent-fullwidth non-hundred-percent-height-scrolling\" style=\"background-color: rgba(255,255,255,0);background-position: center center;background-repeat: no-repeat;border-width: 0px 0px 0px 0px;border-color:#e8eaf0;border-style:solid;\" ><div class=\"fusion-builder-row fusion-row fusion-flex-align-items-flex-start\" style=\"width:104% !important;max-width:104% !important;margin-left: calc(-4% \/ 2 );margin-right: calc(-4% \/ 2 );\"><div class=\"fusion-layout-column fusion_builder_column fusion-builder-column-1 fusion_builder_column_1_1 1_1 fusion-flex-column\"><div class=\"fusion-column-wrapper fusion-flex-justify-content-flex-start fusion-content-layout-column\" style=\"background-position:left top;background-repeat:no-repeat;-webkit-background-size:cover;-moz-background-size:cover;-o-background-size:cover;background-size:cover;padding: 0px 0px 0px 0px;\"><div class=\"fusion-form-field fusion-form-text-field fusion-form-label-above\" data-form-id=\"1655\"><div class=\"fusion-form-label-wrapper\"><label for=\"cognome\">Cognome <abbr class=\"fusion-form-element-required\" title=\"required\">*<\/abbr><\/label><\/div><input type=\"text\" name=\"cognome\" id=\"cognome\" value=\"\"  class=\"fusion-form-input\" required=\"true\" aria-required=\"true\" data-holds-private-data=\"false\" minlength=\"0\"\/><\/div><div class=\"fusion-form-field fusion-form-text-field fusion-form-label-above\" data-form-id=\"1655\"><div class=\"fusion-form-label-wrapper\"><label for=\"nome\">Nome <abbr class=\"fusion-form-element-required\" title=\"required\">*<\/abbr><\/label><\/div><input type=\"text\" name=\"nome\" id=\"nome\" value=\"\"  class=\"fusion-form-input\" required=\"true\" aria-required=\"true\" data-holds-private-data=\"false\" minlength=\"0\"\/><\/div><div class=\"fusion-form-field fusion-form-text-field fusion-form-label-above\" data-form-id=\"1655\"><div class=\"fusion-form-label-wrapper\"><label for=\"ragione_sociale_della_tua_azienda\">Ragione Sociale della tua azienda <abbr class=\"fusion-form-element-required\" title=\"required\">*<\/abbr><\/label><\/div><input type=\"text\" name=\"ragione_sociale_della_tua_azienda\" id=\"ragione_sociale_della_tua_azienda\" value=\"\"  class=\"fusion-form-input\" required=\"true\" aria-required=\"true\" data-holds-private-data=\"false\" minlength=\"0\"\/><\/div><div class=\"fusion-form-field fusion-form-text-field fusion-form-label-above\" data-form-id=\"1655\"><div class=\"fusion-form-label-wrapper\"><label for=\"sito_web_azienda\">Sito web azienda <abbr class=\"fusion-form-element-required\" title=\"required\">*<\/abbr><\/label><\/div><input type=\"text\" name=\"sito_web_azienda\" id=\"sito_web_azienda\" value=\"\"  class=\"fusion-form-input\" required=\"true\" aria-required=\"true\" data-holds-private-data=\"false\" minlength=\"0\"\/><\/div><div class=\"fusion-form-field fusion-form-phone-number-field fusion-form-label-above\" data-form-id=\"1655\"><div class=\"fusion-form-label-wrapper\"><label for=\"telefono\">Telefono <abbr class=\"fusion-form-element-required\" title=\"required\">*<\/abbr><\/label><\/div><div class=\"fusion-form-input-with-icon\"><i class=\"fa-phone-square-alt fas\"><\/i><input type=\"phone-number\" name=\"telefono\" id=\"telefono\" value=\"\"  class=\"fusion-form-input\" required=\"true\" aria-required=\"true\" data-holds-private-data=\"false\" pattern=\"[0-9()#&+*-=.]+\" title=\"Only numbers and phone characters are accepted.\"\/><\/div><\/div><div class=\"fusion-form-field fusion-form-email-field fusion-form-label-above\" data-form-id=\"1655\"><div class=\"fusion-form-label-wrapper\"><label for=\"e-mail\">e-mail <abbr class=\"fusion-form-element-required\" title=\"required\">*<\/abbr><\/label><\/div><input type=\"email\" name=\"e-mail\" id=\"e-mail\" value=\"\"  class=\"fusion-form-input\" required=\"true\" aria-required=\"true\" data-holds-private-data=\"false\"\/><\/div><div class=\"fusion-form-field fusion-form-textarea-field fusion-form-label-above\" data-form-id=\"1655\"><label for=\"sono_interessato_a_\">Sono interessato a ...<\/label><textarea cols=\"40\"  minlength=\"0\"  rows=\"4\" tabindex=\"\" id=\"sono_interessato_a_\" name=\"sono_interessato_a_\" class=\"fusion-form-input\" data-holds-private-data=\"false\"><\/textarea><\/div><div class=\"fusion-form-field fusion-form-submit-field fusion-form-label-above\" data-form-id=\"1655\"><input type=\"hidden\" value=\"d.zanichelli@palazzomagnani.it\" name=\"fusion_form_email\" \/><input type=\"hidden\" value=\"MyFPM\" name=\"fusion_form_email_from\" \/><input type=\"hidden\" value=\"wordpress@palazzomagnani.it\" name=\"fusion_form_email_from_id\" \/><input type=\"hidden\" value=\"Nuova richiesta AZIENDA\" name=\"fusion_form_email_subject\" \/><input type=\"hidden\" value=\"0\" name=\"fusion_form_email_subject_encode\" \/><div ><style>.fusion-button.button-1{border-radius:25px 25px 25px 25px;}<\/style><button type=\"submit\" class=\"fusion-button button-flat fusion-button-default-size button-default button-1 fusion-button-default-span  form-form-submit button-default\" data-form-number=\"1655\" tabindex=\"\"><span class=\"fusion-button-text\">Invia<\/span><\/button><\/div><\/div><div class=\"form-submission-notices\" id=\"fusion-notices-1\"><div class=\"fusion-alert alert success alert-success fusion-alert-center fusion-form-response fusion-form-response-success fusion-alert-capitalize alert-dismissable\" style=\"background-color:#00ca69;color:#ffffff;border-color:#ffffff;border-width:1px;\"><button type=\"button\" class=\"close toggle-alert\" data-dismiss=\"alert\" aria-label=\"Close\">&times;<\/button><div class=\"fusion-alert-content-wrapper\"><span class=\"alert-icon\"><i class=\"fa-lg fa fa-check-circle\" aria-hidden=\"true\"><\/i><\/span><span class=\"fusion-alert-content\">Grazie per averci contattato. Ti richiameremo appena possibile.<\/span><\/div><\/div><div class=\"fusion-alert alert error alert-danger fusion-alert-center fusion-form-response fusion-form-response-error fusion-alert-capitalize alert-dismissable\" style=\"background-color:#e54270;color:#ffffff;border-color:#ffffff;border-width:1px;\"><button type=\"button\" class=\"close toggle-alert\" data-dismiss=\"alert\" aria-label=\"Close\">&times;<\/button><div class=\"fusion-alert-content-wrapper\"><span class=\"alert-icon\"><i class=\"fa-lg fa fa-exclamation-triangle\" aria-hidden=\"true\"><\/i><\/span><span class=\"fusion-alert-content\">C'\u00e8 stato un errore nella spedizione del messaggio. Riprova.<\/span><\/div><\/div><\/div><\/div><style type=\"text\/css\">.fusion-body .fusion-builder-column-1{width:100% !important;margin-top : 0px;margin-bottom : 20px;}.fusion-builder-column-1 > .fusion-column-wrapper {padding-top : 0px !important;padding-right : 0px !important;margin-right : 1.92%;padding-bottom : 0px !important;padding-left : 0px !important;margin-left : 1.92%;}@media only screen and (max-width:1024px) {.fusion-body .fusion-builder-column-1{width:100% !important;order : 0;}.fusion-builder-column-1 > .fusion-column-wrapper {margin-right : 1.92%;margin-left : 1.92%;}}@media only screen and (max-width:640px) {.fusion-body .fusion-builder-column-1{width:100% !important;order : 0;}.fusion-builder-column-1 > .fusion-column-wrapper {margin-right : 1.92%;margin-left : 1.92%;}}<\/style><\/div><\/div><style type=\"text\/css\">.fusion-body .fusion-flex-container.fusion-builder-row-1-1{ padding-top : 0px;margin-top : 0px;padding-right : 0px;padding-bottom : 0px;margin-bottom : 0px;padding-left : 0px;}<\/style><\/div><input type=\"hidden\" name=\"fusion_privacy_store_ip_ua\" value=\"false\"><input type=\"hidden\" name=\"fusion_privacy_expiration_interval\" value=\"48\"><input type=\"hidden\" name=\"privacy_expiration_action\" value=\"anonymize\"><\/form><\/div>\n<\/div><\/div><\/div><\/div><\/div><\/div><style type=\"text\/css\">.fusion-body .fusion-builder-column-0{width:50% !important;margin-top : 0px;margin-bottom : 20px;}.fusion-builder-column-0 > .fusion-column-wrapper {padding-top : 0px !important;padding-right : 0px !important;margin-right : 3.84%;padding-bottom : 0px !important;padding-left : 0px !important;margin-left : 3.84%;}@media only screen and (max-width:1024px) {.fusion-body .fusion-builder-column-0{width:100% !important;order : 0;}.fusion-builder-column-0 > .fusion-column-wrapper {margin-right : 1.92%;margin-left : 1.92%;}}@media only screen and (max-width:640px) {.fusion-body .fusion-builder-column-0{width:100% !important;order : 0;}.fusion-builder-column-0 > .fusion-column-wrapper {margin-right : 1.92%;margin-left : 1.92%;}}<\/style><\/div><div class=\"fusion-layout-column fusion_builder_column fusion-builder-column-2 fusion_builder_column_1_2 1_2 fusion-flex-column\"><div class=\"fusion-column-wrapper fusion-flex-justify-content-flex-start fusion-content-layout-column\" style=\"background-position:left top;background-repeat:no-repeat;-webkit-background-size:cover;-moz-background-size:cover;-o-background-size:cover;background-size:cover;padding: 0px 0px 0px 0px;\"><div ><span class=\" fusion-imageframe imageframe-none imageframe-1 hover-type-none\"><img decoding=\"async\" width=\"683\" height=\"848\" title=\"cortile_evento\" src=\"https:\/\/www.palazzomagnani.it\/myfpm\/wp-content\/uploads\/2020\/11\/cortile_evento.jpg\" alt class=\"img-responsive wp-image-1414\" srcset=\"https:\/\/www.palazzomagnani.it\/myfpm\/wp-content\/uploads\/2020\/11\/cortile_evento-200x248.jpg 200w, https:\/\/www.palazzomagnani.it\/myfpm\/wp-content\/uploads\/2020\/11\/cortile_evento-400x497.jpg 400w, https:\/\/www.palazzomagnani.it\/myfpm\/wp-content\/uploads\/2020\/11\/cortile_evento-600x745.jpg 600w, https:\/\/www.palazzomagnani.it\/myfpm\/wp-content\/uploads\/2020\/11\/cortile_evento.jpg 683w\" sizes=\"(max-width: 1024px) 100vw, (max-width: 640px) 100vw, 600px\" \/><\/span><\/div><\/div><style type=\"text\/css\">.fusion-body .fusion-builder-column-2{width:50% !important;margin-top : 0px;margin-bottom : 20px;}.fusion-builder-column-2 > .fusion-column-wrapper {padding-top : 0px !important;padding-right : 0px !important;margin-right : 3.84%;padding-bottom : 0px !important;padding-left : 0px !important;margin-left : 3.84%;}@media only screen and (max-width:1024px) {.fusion-body .fusion-builder-column-2{width:100% !important;order : 0;}.fusion-builder-column-2 > .fusion-column-wrapper {margin-right : 1.92%;margin-left : 1.92%;}}@media only screen and (max-width:640px) {.fusion-body .fusion-builder-column-2{width:100% !important;order : 0;}.fusion-builder-column-2 > .fusion-column-wrapper {margin-right : 1.92%;margin-left : 1.92%;}}<\/style><\/div><\/div><style type=\"text\/css\">.fusion-body .fusion-flex-container.fusion-builder-row-1{ padding-top : 0px;margin-top : 0px;padding-right : 0px;padding-bottom : 0px;margin-bottom : 0px;padding-left : 0px;}<\/style><\/div>\n","protected":false},"excerpt":{"rendered":"","protected":false},"author":1,"featured_media":0,"parent":1146,"menu_order":2,"comment_status":"closed","ping_status":"closed","template":"","meta":{"footnotes":""},"class_list":["post-1339","page","type-page","status-publish","hentry"],"_links":{"self":[{"href":"https:\/\/www.palazzomagnani.it\/myfpm\/wp-json\/wp\/v2\/pages\/1339","targetHints":{"allow":["GET"]}}],"collection":[{"href":"https:\/\/www.palazzomagnani.it\/myfpm\/wp-json\/wp\/v2\/pages"}],"about":[{"href":"https:\/\/www.palazzomagnani.it\/myfpm\/wp-json\/wp\/v2\/types\/page"}],"author":[{"embeddable":true,"href":"https:\/\/www.palazzomagnani.it\/myfpm\/wp-json\/wp\/v2\/users\/1"}],"replies":[{"embeddable":true,"href":"https:\/\/www.palazzomagnani.it\/myfpm\/wp-json\/wp\/v2\/comments?post=1339"}],"version-history":[{"count":25,"href":"https:\/\/www.palazzomagnani.it\/myfpm\/wp-json\/wp\/v2\/pages\/1339\/revisions"}],"predecessor-version":[{"id":1808,"href":"https:\/\/www.palazzomagnani.it\/myfpm\/wp-json\/wp\/v2\/pages\/1339\/revisions\/1808"}],"up":[{"embeddable":true,"href":"https:\/\/www.palazzomagnani.it\/myfpm\/wp-json\/wp\/v2\/pages\/1146"}],"wp:attachment":[{"href":"https:\/\/www.palazzomagnani.it\/myfpm\/wp-json\/wp\/v2\/media?parent=1339"}],"curies":[{"name":"wp","href":"https:\/\/api.w.org\/{rel}","templated":true}]}}