{"id":1187,"date":"2020-11-13T15:04:13","date_gmt":"2020-11-13T14:04:13","guid":{"rendered":"https:\/\/www.palazzomagnani.it\/myfpm\/product\/import-placeholder-for-7875\/"},"modified":"2024-10-16T11:51:54","modified_gmt":"2024-10-16T09:51:54","slug":"davide-benati-linafferrabile-consistenza-delle-cose","status":"publish","type":"product","link":"https:\/\/www.palazzomagnani.it\/myfpm\/prodotto\/davide-benati-linafferrabile-consistenza-delle-cose\/","title":{"rendered":"Davide Benati. L\u2019inafferrabile consistenza delle cose"},"content":{"rendered":"<p>Una selezione di dipinti \u2013 acquerelli su carta tibetana incollata su tela \u2013 di grandi dimensioni, realizzati da Davide Benati negli ultimi sei mesi, nei quali l\u2019artista rivisita alcuni dei cicli su cui aveva lavorato negli anni Ottanta e Novanta, con sorprendenti innovazioni nella costruzione dell\u2019immagine e dei colori, che esaltano ancora di pi\u00f9 la forza espressiva e l\u2019impatto visivo delle sue opere. Come spiega Sandro Parmiggiani nel suo saggio \u201cquesti dipinti nuovi confermano alcuni dei caratteri della pittura di Benati. Il suo ricorso all\u2019acquerello smonta ogni certezza e sicurezza sul contorno e sulla consistenza delle cose: forme e colori ci si rivelano come qualcosa di \u2018strutturalmente\u2019 labile, sfrangiato, fluttuante, perennemente sotto l\u2019assedio dell\u2019aria e della luce, anche se, in fondo, sono le cose pi\u00f9 fragili ad apparire le pi\u00f9 forti. La luce che s\u2019irradia dai colori, culla di una luminosit\u00e0 che \u00e8 insita in loro, non \u00e8 svanita, ma il suo propagarsi risente dell\u2019incupirsi dei toni, ed essa ci pare assumere un volto pi\u00f9 sconosciuto e inconoscibile, come se stesse per farsi ombra, per cedere all\u2019assedio dell\u2019oscurit\u00e0.\u201d<\/p>\n<p>Davide Benati (Reggio Emilia, 1949) tiene la mostra d\u2019esordio alla galleria \u201cIl Giorno\u201d di Milano nel 1972, ed espone successivamente in mostre personali e di gruppo, in spazi pubblici e in gallerie private, in Italia e all\u2019estero, tra le quali vanno ricordate le due partecipazioni alla Biennale di Venezia (1982, in \u201cAperto\u201d, e 1990 con una sala propria) e le mostre personali a Modena (Galleria Civica, 1989) e a Reggio Emilia (Civici Musei, 1992).<\/p>\n","protected":false},"excerpt":{"rendered":"<p>Skira, 2003<br \/>\n24\u00d728 cm<br \/>\n96 pagine<br \/>\n60 illustrazioni a colori<\/p>\n","protected":false},"featured_media":1215,"template":"","meta":[],"product_brand":[],"product_cat":[30],"product_tag":[56,31,39,57],"class_list":{"0":"post-1187","1":"product","2":"type-product","3":"status-publish","4":"has-post-thumbnail","6":"product_cat-cataloghi-di-mostre","7":"product_tag-acquerello","8":"product_tag-arte","9":"product_tag-arte-contemporanea","10":"product_tag-davide-benati","12":"first","13":"outofstock","14":"sale","15":"shipping-taxable","16":"purchasable","17":"product-type-simple"},"_links":{"self":[{"href":"https:\/\/www.palazzomagnani.it\/myfpm\/wp-json\/wp\/v2\/product\/1187","targetHints":{"allow":["GET"]}}],"collection":[{"href":"https:\/\/www.palazzomagnani.it\/myfpm\/wp-json\/wp\/v2\/product"}],"about":[{"href":"https:\/\/www.palazzomagnani.it\/myfpm\/wp-json\/wp\/v2\/types\/product"}],"wp:featuredmedia":[{"embeddable":true,"href":"https:\/\/www.palazzomagnani.it\/myfpm\/wp-json\/wp\/v2\/media\/1215"}],"wp:attachment":[{"href":"https:\/\/www.palazzomagnani.it\/myfpm\/wp-json\/wp\/v2\/media?parent=1187"}],"wp:term":[{"taxonomy":"product_brand","embeddable":true,"href":"https:\/\/www.palazzomagnani.it\/myfpm\/wp-json\/wp\/v2\/product_brand?post=1187"},{"taxonomy":"product_cat","embeddable":true,"href":"https:\/\/www.palazzomagnani.it\/myfpm\/wp-json\/wp\/v2\/product_cat?post=1187"},{"taxonomy":"product_tag","embeddable":true,"href":"https:\/\/www.palazzomagnani.it\/myfpm\/wp-json\/wp\/v2\/product_tag?post=1187"}],"curies":[{"name":"wp","href":"https:\/\/api.w.org\/{rel}","templated":true}]}}