{"id":1194,"date":"2020-11-13T15:04:14","date_gmt":"2020-11-13T14:04:14","guid":{"rendered":"https:\/\/www.palazzomagnani.it\/myfpm\/product\/import-placeholder-for-9525\/"},"modified":"2020-12-03T18:02:37","modified_gmt":"2020-12-03T17:02:37","slug":"senza-di-loro-nemmeno-io-la-collezione-pierre-borhan-di-fotografie","status":"publish","type":"product","link":"https:\/\/www.palazzomagnani.it\/myfpm\/prodotto\/senza-di-loro-nemmeno-io-la-collezione-pierre-borhan-di-fotografie\/","title":{"rendered":"Senza di loro, nemmeno io. La collezione Pierre Borhan di fotografie"},"content":{"rendered":"<p>Il volume, catalogo dell&#8217;esposizione a Palazzo Magnani, sulla collezione di Pierre Borhan, consente, pur nell&#8217;ottica del tutto peculiare di una collezione, di ripercorrere la storia della fotografia, attraverso alcuni dei massimi autori del ventesimo secolo: Eug\u00e8ne Atget, Andr\u00e9 Kert\u00e9sz, Arnold Newman, Brassa\u00ef, Diane Arbus, Richard Avedon, Irving Penn, Bill Brandt, Henri Cartier-Bresson, Denise Colomb, Lucien Herv\u00e9, Marcel Bovis, Andr\u00e9 Villers, Marc Trivier, William Klein, Philippe Halsman, Joel Peter Witkin, Eikoh Hosoe, Michael Kenna, Toni Catany, Josef Sudek, Jan Saudek, Maurice Tabard, Roger Corbeau, Ren\u00e9-Jacques, Roy Schatt, Sally Mann, Shomei Tomatsu. Non mancano le opere fotografiche di artisti pi\u00f9 noti come pittori, come Hans Bellmer.<\/p>\n<p>Curato da Sandro Parmiggiani, il volume contiene in saggio introduttivo del curatore e i testi di Gilles Mora e dello stesso Pierre Borhan.<\/p>\n","protected":false},"excerpt":{"rendered":"<p>Skira, 2006<br \/>\n24\u00d728 cm<br \/>\n160 pagine<br \/>\n17 illustrazioni a colori<br \/>\n113 illustrazioni in b\/n<\/p>\n","protected":false},"featured_media":1548,"template":"","meta":[],"product_brand":[],"product_cat":[30],"product_tag":[31,65,40,66],"class_list":{"0":"post-1194","1":"product","2":"type-product","3":"status-publish","4":"has-post-thumbnail","6":"product_cat-cataloghi-di-mostre","7":"product_tag-arte","8":"product_tag-collezione","9":"product_tag-fotografia","10":"product_tag-piere-borhan","12":"first","13":"instock","14":"sale","15":"shipping-taxable","16":"purchasable","17":"product-type-simple"},"_links":{"self":[{"href":"https:\/\/www.palazzomagnani.it\/myfpm\/wp-json\/wp\/v2\/product\/1194","targetHints":{"allow":["GET"]}}],"collection":[{"href":"https:\/\/www.palazzomagnani.it\/myfpm\/wp-json\/wp\/v2\/product"}],"about":[{"href":"https:\/\/www.palazzomagnani.it\/myfpm\/wp-json\/wp\/v2\/types\/product"}],"wp:featuredmedia":[{"embeddable":true,"href":"https:\/\/www.palazzomagnani.it\/myfpm\/wp-json\/wp\/v2\/media\/1548"}],"wp:attachment":[{"href":"https:\/\/www.palazzomagnani.it\/myfpm\/wp-json\/wp\/v2\/media?parent=1194"}],"wp:term":[{"taxonomy":"product_brand","embeddable":true,"href":"https:\/\/www.palazzomagnani.it\/myfpm\/wp-json\/wp\/v2\/product_brand?post=1194"},{"taxonomy":"product_cat","embeddable":true,"href":"https:\/\/www.palazzomagnani.it\/myfpm\/wp-json\/wp\/v2\/product_cat?post=1194"},{"taxonomy":"product_tag","embeddable":true,"href":"https:\/\/www.palazzomagnani.it\/myfpm\/wp-json\/wp\/v2\/product_tag?post=1194"}],"curies":[{"name":"wp","href":"https:\/\/api.w.org\/{rel}","templated":true}]}}