{"id":1203,"date":"2020-11-13T15:04:15","date_gmt":"2020-11-13T14:04:15","guid":{"rendered":"https:\/\/www.palazzomagnani.it\/myfpm\/product\/import-placeholder-for-9536\/"},"modified":"2020-12-09T16:54:58","modified_gmt":"2020-12-09T15:54:58","slug":"vasco-ascolini-la-vertigine-dellombra-fotografie-1965-2007","status":"publish","type":"product","link":"https:\/\/www.palazzomagnani.it\/myfpm\/prodotto\/vasco-ascolini-la-vertigine-dellombra-fotografie-1965-2007\/","title":{"rendered":"Vasco Ascolini. La vertigine dell\u2019ombra. Fotografie 1965\u20132007"},"content":{"rendered":"<p>Catalogo dell&#8217;omonima mostra ospitata a Palazzo Magnaini, in occasione del 70 compleanno dell&#8217;artista. Vasco Ascolini \u00e8 attivo dalla met\u00e0 degli anni Sessanta, e deve la sua iniziale notoriet\u00e0 alle fotografie realizzate negli anni Settanta ed Ottanta per il Teatro Municipale della citt\u00e0 natale: immagini di volti e corpi di danzatori e mimi che emergono come sculture dal buio, colti in un frammento che irrompe nello spazio dell\u2019immagine, avvolti in un nero profondo, impenetrabile, che caratterizzer\u00e0 tutta la sua futura produzione. Il favore incontrato da queste immagini \u00e8 testimoniato dall\u2019esposizione personale che, nel 1985, Ascolini tiene al Lincoln Center di New York.<\/p>\n<p>A partire dalla fine degli anni Ottanta, soggetto delle fotografie di Ascolini diventano gli scorci silenziosi e deserti delle citt\u00e0 d\u2019arte, le sculture nei musei e nei parchi, le antiche rovine, i reperti della follia e degli studi sullo squilibrio mentale colti negli ex-manicomi o in gabinetti scientifici, fino ai lavori pi\u00f9 recenti: fotografie in copia unica, \u201csperimentali\u201d, ottenute attraverso un intervento diretto (bruciature, graffiature) sul negativo, che rivisitano il tema dell\u2019onirico e del fantastico, dal quale Ascolini, attraverso la lettura costante dell\u2019opera di Borges, si sente particolarmente attratto. In tutta la produzione degli ultimi vent\u2019anni, Ascolini \u00e8 rimasto fedele alle caratteristiche dell\u2019esordio: fotografie in cui un\u2019ombra cupa, nerissima, ha invaso parte dello spazio o si \u00e8 insinuata, come una lama, dentro il corpo dell\u2019immagine, che cos\u00ec si fa portatrice di un mistero e di una vertigine che meglio ci svelano, attraverso l\u2019invisibilit\u00e0 di una parte, ci\u00f2 che emerge nella luce e, per converso, sollecitano il nostro immaginario a pensare ci\u00f2 che si cela nell\u2019ombra. Altrettanto importanti sono i tagli volutamente asimmetrici adottati da Ascolini: frammenti che sono il presagio di un\u2019assenza o di una presenza che sta per rivelarsi.<\/p>\n","protected":false},"excerpt":{"rendered":"<p>Skira, 2007<br \/>\n24\u00d728 cm<br \/>\n240 pagine<br \/>\n49 illustrazioni a colori<\/p>\n","protected":false},"featured_media":1542,"template":"","meta":[],"product_brand":[],"product_cat":[30],"product_tag":[31,40,77],"class_list":{"0":"post-1203","1":"product","2":"type-product","3":"status-publish","4":"has-post-thumbnail","6":"product_cat-cataloghi-di-mostre","7":"product_tag-arte","8":"product_tag-fotografia","9":"product_tag-vasco-ascolini","11":"first","12":"instock","13":"shipping-taxable","14":"purchasable","15":"product-type-simple"},"_links":{"self":[{"href":"https:\/\/www.palazzomagnani.it\/myfpm\/wp-json\/wp\/v2\/product\/1203","targetHints":{"allow":["GET"]}}],"collection":[{"href":"https:\/\/www.palazzomagnani.it\/myfpm\/wp-json\/wp\/v2\/product"}],"about":[{"href":"https:\/\/www.palazzomagnani.it\/myfpm\/wp-json\/wp\/v2\/types\/product"}],"wp:featuredmedia":[{"embeddable":true,"href":"https:\/\/www.palazzomagnani.it\/myfpm\/wp-json\/wp\/v2\/media\/1542"}],"wp:attachment":[{"href":"https:\/\/www.palazzomagnani.it\/myfpm\/wp-json\/wp\/v2\/media?parent=1203"}],"wp:term":[{"taxonomy":"product_brand","embeddable":true,"href":"https:\/\/www.palazzomagnani.it\/myfpm\/wp-json\/wp\/v2\/product_brand?post=1203"},{"taxonomy":"product_cat","embeddable":true,"href":"https:\/\/www.palazzomagnani.it\/myfpm\/wp-json\/wp\/v2\/product_cat?post=1203"},{"taxonomy":"product_tag","embeddable":true,"href":"https:\/\/www.palazzomagnani.it\/myfpm\/wp-json\/wp\/v2\/product_tag?post=1203"}],"curies":[{"name":"wp","href":"https:\/\/api.w.org\/{rel}","templated":true}]}}