{"id":1241,"date":"2020-11-13T15:04:39","date_gmt":"2020-11-13T14:04:39","guid":{"rendered":"https:\/\/www.palazzomagnani.it\/myfpm\/product\/import-placeholder-for-9559\/"},"modified":"2024-01-12T10:17:58","modified_gmt":"2024-01-12T09:17:58","slug":"ivano-bolondi-atmosfere-sospese-fotografie-1980-2012","status":"publish","type":"product","link":"https:\/\/www.palazzomagnani.it\/myfpm\/prodotto\/ivano-bolondi-atmosfere-sospese-fotografie-1980-2012\/","title":{"rendered":"Ivano Bolondi. Atmosfere sospese. Fotografie 1980-2012"},"content":{"rendered":"<p>Catalogo dell&#8217;omonima mostra tenuta a Reggio Emilia nel 2013. L&#8217;esposizione presentava\u00a0oltre 180 scatti del fotografo reggiano realizzati in diversi luoghi del mondo tra il 1980 e oggi, capaci di raccontare il viaggio artistico ed umano di un uomo straordinario, sensibile e attento ad ogni aspetto visivo ed emozionale che pu\u00f2 celarsi nella realt\u00e0 circostante.<\/p>\n<p>Ivano Bolondi fotografa dagli anni settanta del Novecento, alle sue origini vi \u00e8 l\u2019appartenenza a un attivo circolo cinefotografico e, pertanto, muove i primi passi guardando a Henry Cartier Bresson, il mito dei fotografi amatoriali, ben presto superato dall\u2019attenzione verso Luigi Ghirri, di cui coglie le proposte innovative del linguaggio fotografico italiano.<\/p>\n<p>Dall\u2019esempio di Ghirri ricava l\u2019idea che la fotografia sia un\u2019operazione principalmente concettuale, non destinata a proporre soltanto immagini descrittive della realt\u00e0 ma a fornire strumenti interpretativi capaci di sollecitare pensieri ed emozioni nell\u2019osservatore.<\/p>\n<p>Nel primo decennio del nuovo secolo, in parallelo al superamento del dibattito sull\u2019essenza ontologica della fotografia e sul problema della sua referenzialit\u00e0, determinato dall\u2019introduzione della tecnologia digitale e dall\u2019assimilazione della fotografia all\u2019interno dell\u2019attivit\u00e0 artistica, Bolondi modifica ulteriormente il suo approccio fotografico alla realt\u00e0. Anzich\u00e9 direttamente sull\u2019ambiente, inizia a puntare l\u2019obiettivo con sempre maggiore frequenza verso la immagine del circostante riflessa da superfici specchianti e a utilizzare lo sfocato al fine di contrastare l\u2019abitudine all\u2019interpretazione referenziale della fotografia e per favorirne una lettura pi\u00f9 orientata alla sfera psicologica.<\/p>\n<p>In tal modo raccontare le proprie sensazioni di fronte ai modelli di esistenza e agli aspetti paesaggistici dei territori visitati, diventa occasione per verificare non tanto le differenze fra le varie culture, quanto le analogie di risposta a bisogni fondamentali e comuni.<\/p>\n","protected":false},"excerpt":{"rendered":"<p>T&amp;M Associati Editore, 2013<br \/>\n171 pp.<\/p>\n","protected":false},"featured_media":1527,"template":"","meta":[],"product_brand":[],"product_cat":[30],"product_tag":[31,40,98],"class_list":{"0":"post-1241","1":"product","2":"type-product","3":"status-publish","4":"has-post-thumbnail","6":"product_cat-cataloghi-di-mostre","7":"product_tag-arte","8":"product_tag-fotografia","9":"product_tag-ivano-bolondi","11":"first","12":"outofstock","13":"sale","14":"shipping-taxable","15":"purchasable","16":"product-type-simple"},"_links":{"self":[{"href":"https:\/\/www.palazzomagnani.it\/myfpm\/wp-json\/wp\/v2\/product\/1241","targetHints":{"allow":["GET"]}}],"collection":[{"href":"https:\/\/www.palazzomagnani.it\/myfpm\/wp-json\/wp\/v2\/product"}],"about":[{"href":"https:\/\/www.palazzomagnani.it\/myfpm\/wp-json\/wp\/v2\/types\/product"}],"wp:featuredmedia":[{"embeddable":true,"href":"https:\/\/www.palazzomagnani.it\/myfpm\/wp-json\/wp\/v2\/media\/1527"}],"wp:attachment":[{"href":"https:\/\/www.palazzomagnani.it\/myfpm\/wp-json\/wp\/v2\/media?parent=1241"}],"wp:term":[{"taxonomy":"product_brand","embeddable":true,"href":"https:\/\/www.palazzomagnani.it\/myfpm\/wp-json\/wp\/v2\/product_brand?post=1241"},{"taxonomy":"product_cat","embeddable":true,"href":"https:\/\/www.palazzomagnani.it\/myfpm\/wp-json\/wp\/v2\/product_cat?post=1241"},{"taxonomy":"product_tag","embeddable":true,"href":"https:\/\/www.palazzomagnani.it\/myfpm\/wp-json\/wp\/v2\/product_tag?post=1241"}],"curies":[{"name":"wp","href":"https:\/\/api.w.org\/{rel}","templated":true}]}}