{"id":1245,"date":"2020-11-13T15:04:39","date_gmt":"2020-11-13T14:04:39","guid":{"rendered":"https:\/\/www.palazzomagnani.it\/myfpm\/product\/import-placeholder-for-9564\/"},"modified":"2020-12-03T17:25:28","modified_gmt":"2020-12-03T16:25:28","slug":"walker-evans-italia","status":"publish","type":"product","link":"https:\/\/www.palazzomagnani.it\/myfpm\/prodotto\/walker-evans-italia\/","title":{"rendered":"Walker Evans. Italia"},"content":{"rendered":"<p>Il catalogo, edito in occasione dell\u2019XI edizione di Fotografia Europea, indaga la fortuna che il maestro americano ha riscosso in Italia a partire dagli anni trenta, ispirando il linguaggio poetico di numerosi fotografi e registi da Alberto Lattuada a Gabriele Basilico, Olivo Barbieri, Guido Guidi e Luigi Ghirri. I suoi scatti, prevalentemente in bianco e nero e con uno stile documentaristico, austero e distaccato, hanno saputo rappresentare brani di quotidianit\u00e0 \u2013 persone, paesaggi, edifici, oggetti \u2013 di grande semplicit\u00e0 ed efficacia, riuscendo a donare alla realt\u00e0 ritratta, umile e schietta, non solo bellezza ma anche, e soprattutto, dignit\u00e0.<br \/>\nProvenienti dagli archivi personali di questi artisti, sono infatti le fotografie di Evans qui presentate, insieme a libri, cartoline ed edizioni rare che, accostate a una selezione di loro scatti, mostrano la riflessione attuata sulla lezione del grande maestro americano. Presenti infine opere di Walker Evans provenienti da collezioni pubbliche e private italiane come segno di attenzione della cultura del nostro Paese verso il grande maestro.<\/p>\n","protected":false},"excerpt":{"rendered":"<p>Silvana Editoriale, 2016<br \/>\n23&#215;28 cm<br \/>\n96 pp.<br \/>\n150 immagini a coloriWalker Evans<\/p>\n","protected":false},"featured_media":1529,"template":"","meta":[],"product_brand":[],"product_cat":[30],"product_tag":[31,40,103],"class_list":{"0":"post-1245","1":"product","2":"type-product","3":"status-publish","4":"has-post-thumbnail","6":"product_cat-cataloghi-di-mostre","7":"product_tag-arte","8":"product_tag-fotografia","9":"product_tag-walker-evans","11":"first","12":"instock","13":"shipping-taxable","14":"purchasable","15":"product-type-simple"},"_links":{"self":[{"href":"https:\/\/www.palazzomagnani.it\/myfpm\/wp-json\/wp\/v2\/product\/1245","targetHints":{"allow":["GET"]}}],"collection":[{"href":"https:\/\/www.palazzomagnani.it\/myfpm\/wp-json\/wp\/v2\/product"}],"about":[{"href":"https:\/\/www.palazzomagnani.it\/myfpm\/wp-json\/wp\/v2\/types\/product"}],"wp:featuredmedia":[{"embeddable":true,"href":"https:\/\/www.palazzomagnani.it\/myfpm\/wp-json\/wp\/v2\/media\/1529"}],"wp:attachment":[{"href":"https:\/\/www.palazzomagnani.it\/myfpm\/wp-json\/wp\/v2\/media?parent=1245"}],"wp:term":[{"taxonomy":"product_brand","embeddable":true,"href":"https:\/\/www.palazzomagnani.it\/myfpm\/wp-json\/wp\/v2\/product_brand?post=1245"},{"taxonomy":"product_cat","embeddable":true,"href":"https:\/\/www.palazzomagnani.it\/myfpm\/wp-json\/wp\/v2\/product_cat?post=1245"},{"taxonomy":"product_tag","embeddable":true,"href":"https:\/\/www.palazzomagnani.it\/myfpm\/wp-json\/wp\/v2\/product_tag?post=1245"}],"curies":[{"name":"wp","href":"https:\/\/api.w.org\/{rel}","templated":true}]}}