{"id":1253,"date":"2020-11-13T15:04:40","date_gmt":"2020-11-13T14:04:40","guid":{"rendered":"https:\/\/www.palazzomagnani.it\/myfpm\/product\/import-placeholder-for-9574\/"},"modified":"2020-12-10T19:35:56","modified_gmt":"2020-12-10T18:35:56","slug":"larte-del-gol-pittura-scultura-fotografia-e-il-gioco-piu-bello-del-mondo","status":"publish","type":"product","link":"https:\/\/www.palazzomagnani.it\/myfpm\/prodotto\/larte-del-gol-pittura-scultura-fotografia-e-il-gioco-piu-bello-del-mondo\/","title":{"rendered":"L\u2019arte del gol. Pittura scultura fotografia e il gioco pi\u00f9 bello del mondo"},"content":{"rendered":"<p>Il volume \u00e8 stato editato in occasione della mostra &#8220;L&#8217;arte del gol. Pittura scultura fotografia e il gioco pi\u00f9 bello del mondo&#8221;: una cavalcata nell\u2019arte italiana del XX secolo in oltre 60 opere provenienti da musei pubblici e fondazioni (Mart, Rovereto, Museo del Novecento, Milano, Museo Ettore Fico, Torino, Fondazione Cirulli, Bologna, Fondazione Marconi, Milano, gallerie e collezionisti privati), dove si avvicendano protagonisti, movimenti, gruppi e linguaggi, dalla pittura alla scultura, dalla fotografia all\u2019installazione, dove il calcio gioca la partita da protagonista, testimoniando che in fondo le cosiddette \u201cFine Arts\u201d amano confrontarsi con lo sport pi\u00f9 popolare, praticato e amato nel nostro Paese.<\/p>\n<p>Protagonisti, talora sorprendenti, diversi grandi nomi del Novecento: Fortunato Depero, Adalberto Libera, Renato Guttuso, Mario Schifano, Franco Angeli, Aldo Mondino, Ugo Nespolo, Titina Maselli, Letizia Battaglia, Giacomo Costa ,Olivo Barbieri, Paolo Canevari, Maurizio Cattelan e molti altri.<\/p>\n","protected":false},"excerpt":{"rendered":"<p>Silvana Editoriale, 2019<br \/>\n23 x 28 cm<br \/>\n128 pagine<br \/>\n80 illustrazioni<\/p>\n","protected":false},"featured_media":1555,"template":"","meta":[],"product_brand":[],"product_cat":[30],"product_tag":[124,125,31,39,32,126,127,128,129,130,131,132,133,134,135,136],"class_list":{"0":"post-1253","1":"product","2":"type-product","3":"status-publish","4":"has-post-thumbnail","6":"product_cat-cataloghi-di-mostre","7":"product_tag-adalberto-libera","8":"product_tag-aldo-mondino","9":"product_tag-arte","10":"product_tag-arte-contemporanea","11":"product_tag-arte-moderna","12":"product_tag-fortunato-depero","13":"product_tag-franco-angeli","14":"product_tag-giacomo-costa","15":"product_tag-letizia-battaglia","16":"product_tag-mario-schifano","17":"product_tag-maurizio-cattelan","18":"product_tag-olivo-barbieri","19":"product_tag-paolo-canevari","20":"product_tag-renato-guttuso","21":"product_tag-titina-maselli","22":"product_tag-ugo-nespolo","24":"first","25":"instock","26":"sale","27":"featured","28":"shipping-taxable","29":"purchasable","30":"product-type-simple"},"_links":{"self":[{"href":"https:\/\/www.palazzomagnani.it\/myfpm\/wp-json\/wp\/v2\/product\/1253","targetHints":{"allow":["GET"]}}],"collection":[{"href":"https:\/\/www.palazzomagnani.it\/myfpm\/wp-json\/wp\/v2\/product"}],"about":[{"href":"https:\/\/www.palazzomagnani.it\/myfpm\/wp-json\/wp\/v2\/types\/product"}],"wp:featuredmedia":[{"embeddable":true,"href":"https:\/\/www.palazzomagnani.it\/myfpm\/wp-json\/wp\/v2\/media\/1555"}],"wp:attachment":[{"href":"https:\/\/www.palazzomagnani.it\/myfpm\/wp-json\/wp\/v2\/media?parent=1253"}],"wp:term":[{"taxonomy":"product_brand","embeddable":true,"href":"https:\/\/www.palazzomagnani.it\/myfpm\/wp-json\/wp\/v2\/product_brand?post=1253"},{"taxonomy":"product_cat","embeddable":true,"href":"https:\/\/www.palazzomagnani.it\/myfpm\/wp-json\/wp\/v2\/product_cat?post=1253"},{"taxonomy":"product_tag","embeddable":true,"href":"https:\/\/www.palazzomagnani.it\/myfpm\/wp-json\/wp\/v2\/product_tag?post=1253"}],"curies":[{"name":"wp","href":"https:\/\/api.w.org\/{rel}","templated":true}]}}