{"id":1475,"date":"2020-11-25T21:19:10","date_gmt":"2020-11-25T20:19:10","guid":{"rendered":"https:\/\/www.palazzomagnani.it\/myfpm\/?post_type=product&#038;p=1475"},"modified":"2025-12-24T14:48:09","modified_gmt":"2025-12-24T13:48:09","slug":"amici-individual","status":"publish","type":"product","link":"https:\/\/www.palazzomagnani.it\/myfpm\/prodotto\/amici-individual\/","title":{"rendered":"Amici Individual"},"content":{"rendered":"<p>La Carta Amici \u00e8 valida dall&#8217;1 gennaio al 31 dicembre dell&#8217;anno di sottoscrizione.<\/p>\n<ul>\n<li>Ingresso gratuito e illimitato a tutte le mostre della Fondazione<\/li>\n<li>Ingresso gratuito alle mostre di Fotografia Europea<\/li>\n<li>Ingresso gratuito a tutti gli eventi di Restate gestiti dalla Fondazione<\/li>\n<li>Sconti e agevolazioni per mostre e servizi di Fondazione Palazzo Strozzi (Firenze), Collezione Peggy Guggenheim (Venezia), Fondazione Arnaldo Pomodoro (Milano) e I Teatri di Reggio Emilia, CAMERA &#8211; Centro Italiano per la Fotografia<\/li>\n<li>Invito alle inaugurazioni delle nostre mostre<\/li>\n<li>Visite guidate a porte chiuse alle nostre mostre<\/li>\n<li>50% di sconto sul catalogo di mostra, vantaggi su libri e gadget in vendita al bookshop e nello shop on-line<\/li>\n<li>Inserimento del proprio nome su pannello di mostra, catalogo e sito web<\/li>\n<\/ul>\n","protected":false},"excerpt":{"rendered":"<p>La Carta Amici \u00e8 individuale e attiver\u00e0 un account a te intestato. Se desideri regalarla puoi ordinarne pi\u00f9 di una accedendo a <a href=\"https:\/\/www.palazzomagnani.it\/myfpm\/product-category\/membership\/regalo\/\" target=\"_blank\" rel=\"noopener noreferrer\"><strong>questa pagina<\/strong><\/a>, avendo cura di comunicare all&#8217;indirizzo <a href=\"mailto:shop@palazzmagnani.it\">shop@palazzomagnani.it<\/a> i nominativi dei singoli destinatari.<\/p>\n","protected":false},"featured_media":1610,"template":"","meta":[],"product_brand":[],"product_cat":[15,159],"product_tag":[],"class_list":{"0":"post-1475","1":"product","2":"type-product","3":"status-publish","4":"has-post-thumbnail","6":"product_cat-uncategorized","7":"product_cat-membership","9":"first","10":"instock","11":"downloadable","12":"virtual","13":"sold-individually","14":"purchasable","15":"product-type-subscription"},"_links":{"self":[{"href":"https:\/\/www.palazzomagnani.it\/myfpm\/wp-json\/wp\/v2\/product\/1475","targetHints":{"allow":["GET"]}}],"collection":[{"href":"https:\/\/www.palazzomagnani.it\/myfpm\/wp-json\/wp\/v2\/product"}],"about":[{"href":"https:\/\/www.palazzomagnani.it\/myfpm\/wp-json\/wp\/v2\/types\/product"}],"wp:featuredmedia":[{"embeddable":true,"href":"https:\/\/www.palazzomagnani.it\/myfpm\/wp-json\/wp\/v2\/media\/1610"}],"wp:attachment":[{"href":"https:\/\/www.palazzomagnani.it\/myfpm\/wp-json\/wp\/v2\/media?parent=1475"}],"wp:term":[{"taxonomy":"product_brand","embeddable":true,"href":"https:\/\/www.palazzomagnani.it\/myfpm\/wp-json\/wp\/v2\/product_brand?post=1475"},{"taxonomy":"product_cat","embeddable":true,"href":"https:\/\/www.palazzomagnani.it\/myfpm\/wp-json\/wp\/v2\/product_cat?post=1475"},{"taxonomy":"product_tag","embeddable":true,"href":"https:\/\/www.palazzomagnani.it\/myfpm\/wp-json\/wp\/v2\/product_tag?post=1475"}],"curies":[{"name":"wp","href":"https:\/\/api.w.org\/{rel}","templated":true}]}}