{"id":2575,"date":"2023-05-22T11:48:40","date_gmt":"2023-05-22T09:48:40","guid":{"rendered":"https:\/\/www.palazzomagnani.it\/myfpm\/?post_type=product&#038;p=2575"},"modified":"2024-05-20T14:31:42","modified_gmt":"2024-05-20T12:31:42","slug":"fotografia-europea-2023-europe-matters","status":"publish","type":"product","link":"https:\/\/www.palazzomagnani.it\/myfpm\/prodotto\/fotografia-europea-2023-europe-matters\/","title":{"rendered":"Fotografia Europea 2023 &#8220;Europe Matters. Visioni di un&#8217;identit\u00e0 inquieta&#8221;"},"content":{"rendered":"<p>Catalogo della diciottesima edizione del festival &#8220;Fotografia Europea&#8221;<br \/>\n<em>Europe Matters. Visioni di un&#8217;identit\u00e0 inquieta<\/em><br \/>\na cura di Tim Clark, Walter Guadagnini e Luce Lebart<\/p>\n<p>La complessit\u00e0 e le difficolt\u00e0 di cogliere la natura della comunit\u00e0 europea \u00e8 il tema di questa XVIII edizione del festival. I progetti fotografici si concentrano principalmente sulle persone e sulle identit\u00e0 per confrontarsi con le politiche di inclusione ed esclusione e con la presenza della storia de della cultura nel momento presente.<\/p>\n<p>\u2022 Artisti: Eleonora Agostini, ARS Aevi Collection, Marina Ballo Charmet, Mattia Balsamini, Giorgio Barrera, Jean-Marc Caimi &amp; Valentina Piccinni, Andrea Camiolo, Sofiya Chotyrbok, Fabrizio Cicconi, Camilla De Maffei, Monica De Miranda, Davide Degano, Jean Louis Garnell, Luigi Ghirri, Marcello Grassi, Samuel Gratacap, Carlo Lombardi, Ariane Loze, Giulia Mangione, Roberto Masotti, Geoffroy Mathieu, Myriam Meloni, Fabrizio Orsi, Eleonora Paciullo, Ivor Prickett, Bernard Plossu, Simon Roberts, Alessia Rollo, Pentti Sammallahti, C\u00e9drine Scheidig, Kay-Uwe Schulte-Bunert, Ferdinando Scianna, Klavdij Sluban, The Archive of Public Protests, Sabine Weiss<\/p>\n","protected":false},"excerpt":{"rendered":"<p>Sagep Editori, 2023<br \/>\n21 x 28 cm<br \/>\n278 pagine<br \/>\ntesti in italiano e inglese<\/p>\n","protected":false},"featured_media":2576,"template":"","meta":[],"product_brand":[],"product_cat":[30],"product_tag":[314,294,304,289,312,297,303,316,299,288,310,296,309,318,307,292,305,311,300,293,317,319,259,301,290,291,298,308,315,306,321,302,313,295,320],"class_list":{"0":"post-2575","1":"product","2":"type-product","3":"status-publish","4":"has-post-thumbnail","6":"product_cat-cataloghi-di-mostre","7":"product_tag-alessia-rollo","8":"product_tag-andrea-camiolo","9":"product_tag-ariane-loze","10":"product_tag-ars-aevi-collection","11":"product_tag-bernard-plossu","12":"product_tag-camilla-de-maffei","13":"product_tag-carlo-lombardi","14":"product_tag-cedrine-scheidig","15":"product_tag-davide-degano","16":"product_tag-eleonora-agostini","17":"product_tag-eleonora-paciullo","18":"product_tag-fabrizio-cicconi","19":"product_tag-fabrizio-orsi","20":"product_tag-ferdinando-scianna","21":"product_tag-geoffroy-mathieu","22":"product_tag-giorgio-barrera","23":"product_tag-giulia-mangione","24":"product_tag-ivor-prickett","25":"product_tag-jean-louis-garnell","26":"product_tag-jean-marc-caimi-valentina-piccinni","27":"product_tag-kay-uwe-schulte-bunert","28":"product_tag-klavdij-sluban","29":"product_tag-luigi-ghirri","30":"product_tag-marcello-grassi","31":"product_tag-marina-ballo-charmet","32":"product_tag-mattia-balsamini","33":"product_tag-monica-de-miranda","34":"product_tag-myriam-meloni","35":"product_tag-pentti-sammallahti","36":"product_tag-roberto-masotti","37":"product_tag-sabine-weiss","38":"product_tag-samuel-gratacap","39":"product_tag-simon-roberts","40":"product_tag-sofiya-chotyrbok","41":"product_tag-the-archive-of-public-protests","43":"first","44":"instock","45":"sale","46":"featured","47":"shipping-taxable","48":"purchasable","49":"product-type-simple"},"_links":{"self":[{"href":"https:\/\/www.palazzomagnani.it\/myfpm\/wp-json\/wp\/v2\/product\/2575","targetHints":{"allow":["GET"]}}],"collection":[{"href":"https:\/\/www.palazzomagnani.it\/myfpm\/wp-json\/wp\/v2\/product"}],"about":[{"href":"https:\/\/www.palazzomagnani.it\/myfpm\/wp-json\/wp\/v2\/types\/product"}],"wp:featuredmedia":[{"embeddable":true,"href":"https:\/\/www.palazzomagnani.it\/myfpm\/wp-json\/wp\/v2\/media\/2576"}],"wp:attachment":[{"href":"https:\/\/www.palazzomagnani.it\/myfpm\/wp-json\/wp\/v2\/media?parent=2575"}],"wp:term":[{"taxonomy":"product_brand","embeddable":true,"href":"https:\/\/www.palazzomagnani.it\/myfpm\/wp-json\/wp\/v2\/product_brand?post=2575"},{"taxonomy":"product_cat","embeddable":true,"href":"https:\/\/www.palazzomagnani.it\/myfpm\/wp-json\/wp\/v2\/product_cat?post=2575"},{"taxonomy":"product_tag","embeddable":true,"href":"https:\/\/www.palazzomagnani.it\/myfpm\/wp-json\/wp\/v2\/product_tag?post=2575"}],"curies":[{"name":"wp","href":"https:\/\/api.w.org\/{rel}","templated":true}]}}