{"id":2857,"date":"2024-07-29T11:04:49","date_gmt":"2024-07-29T09:04:49","guid":{"rendered":"https:\/\/www.palazzomagnani.it\/myfpm\/?post_type=product&#038;p=2857"},"modified":"2024-10-16T12:05:05","modified_gmt":"2024-10-16T10:05:05","slug":"index_naturae","status":"publish","type":"product","link":"https:\/\/www.palazzomagnani.it\/myfpm\/prodotto\/index_naturae\/","title":{"rendered":"OMNE \/ INDEX NATURAE REVISITED- AAVV"},"content":{"rendered":"<p><strong>Index Naturae &#8211; Alternative version<\/strong> accompagna una seconda installazione della Mostra Index Naturae, ospitata a Reggio Emilia in occasione della diciannovesima edizione di Fotografia Europea.<\/p>\n<p>Curated by Stefania R\u00f6ssl, Massimo Sordi<br \/>\nDesigned by Damiano Fraccaro \/ OTIUM<\/p>\n<p>La pubblicazione propone una nuova chiave interpretativa dei 116 libri fotografici esposti, enfatizzando il valore di opera aperta di questa raccolta. Il tentativo di organizzare, di sistematizzare, secondo criteri legati all\u2019individuazione di linee di ricerca riconoscibili, le differenti sperimentazioni, lascia spazio in questa edizione alla volont\u00e0 di costruire un nuovo ordine possibile in cui ogni testimonianza possa riconquistare la propria autonomia. L\u2019appropriazione di immagini \u201cgi\u00e0 fatte\u201d, presentate come fotografie di fotografie, intere o parziali, in formato reale, virate in bianco e nero, costituisce il metodo alla base del montaggio delle immagini. I nuovi accostamenti producono cortocircuiti, mutano i significati originari delle produzioni editoriali, scoprono nuove possibilit\u00e0. La raccolta di libri si configura cos\u00ec come inesauribile deposito di storie possibili, territorio della scelta e della decisione, mondo della molteplicit\u00e0 offerto all\u2019interpretazione di ciascuno.<\/p>\n<p>&nbsp;<\/p>\n<p>&nbsp;<\/p>\n","protected":false},"excerpt":{"rendered":"<p><strong>OMNE \/ INDEX NATURAE REVISITED- AAVV<\/strong><br \/>\n<strong>edit by SKINNERBOOX<\/strong><\/p>\n<p>April 2024<br \/>\n16,8x24cm<br \/>\n154 pages<br \/>\nISBN 978-88-94895-74-2<\/p>\n<p>&nbsp;<\/p>\n<p>&nbsp;<\/p>\n","protected":false},"featured_media":2863,"template":"","meta":[],"product_brand":[],"product_cat":[30],"product_tag":[350,378,398,410,429,420,411,425,220,371,352,424,346,445,397,351,439,369,383,406,405,360,428,441,381,359,443,436,415,432,40,322,407,414,390,380,409,386,418,387,431,408,419,453,449,393,391,345,430,450,379,400,348,356,368,433,396,423,438,366,446,412,422,442,399,404,341,372,349,392,342,437,362,291,426,358,363,427,354,394,402,384,416,444,343,377,370,374,367,344,395,388,355,382,451,385,401,435,375,452,434,365,353,373,440,361,403,364,447,347,357,413,421,389,448,376,417,454],"class_list":{"0":"post-2857","1":"product","2":"type-product","3":"status-publish","4":"has-post-thumbnail","6":"product_cat-cataloghi-di-mostre","7":"product_tag-aladin-borioli","8":"product_tag-alex-hanimann","9":"product_tag-alex-llovet","10":"product_tag-alyssa-minahan","11":"product_tag-amanda-sauer","12":"product_tag-andrea-pertoldeo","13":"product_tag-ann-kathrin-muller","14":"product_tag-anna-reivila","15":"product_tag-annamaria-belloni","16":"product_tag-anne-geene","17":"product_tag-anne-lise-broyer","18":"product_tag-augustin-rebetez-jake-reinhart","19":"product_tag-aurore-bagarry","20":"product_tag-awoiska-van-der-molen","21":"product_tag-baptiste-lignel","22":"product_tag-barbara-bosworth","23":"product_tag-batia-suter","24":"product_tag-bernhard-fuchs","25":"product_tag-bianca-hester","26":"product_tag-brian-mcswain","27":"product_tag-charlott-markus","28":"product_tag-claudia-den-boer","29":"product_tag-costanza-santilli","30":"product_tag-daniel-szalai","31":"product_tag-derek-henderson","32":"product_tag-dieter-daemen","33":"product_tag-dominique-teufen","34":"product_tag-donavon-smallwood","35":"product_tag-drew-nikonowicz","36":"product_tag-eugenie-shinkle","37":"product_tag-fotografia","38":"product_tag-fotografia-europea","39":"product_tag-francesco-merlini","40":"product_tag-francesco-neri","41":"product_tag-franziska-klose","42":"product_tag-fujita-haruka","43":"product_tag-gerlinde-miesenbock","44":"product_tag-gerry-johansson","45":"product_tag-giulia-parlato","46":"product_tag-hajime-kimura","47":"product_tag-hans-christian-schink","48":"product_tag-harrison-miller","49":"product_tag-heleen-peeters","50":"product_tag-hendrik-zeitler","51":"product_tag-henk-wildschut","52":"product_tag-ingar-krauss","53":"product_tag-irene-kopelman","54":"product_tag-israel-arino","55":"product_tag-jaap-scheeren","56":"product_tag-jamie-yeo","57":"product_tag-jana-hartmann","58":"product_tag-janelle-lynch","59":"product_tag-jasper-bastian","60":"product_tag-jean-marc-caimi","61":"product_tag-jenia-fridlyand","62":"product_tag-joao-paulo-serafim","63":"product_tag-jochen-lempert","64":"product_tag-john-priola","65":"product_tag-john-spinks","66":"product_tag-judith-engel","67":"product_tag-julie-van-der-vaart","68":"product_tag-katsu-naito","69":"product_tag-klaus-pichler","70":"product_tag-kyoji-takahashi","71":"product_tag-lilia-luganskaia","72":"product_tag-lous-martens","73":"product_tag-lynn-alleva-lilley","74":"product_tag-malin-gezelius","75":"product_tag-marijn-bax","76":"product_tag-mariken-kramer","77":"product_tag-martin-amis","78":"product_tag-massimo-sordi","79":"product_tag-matt-dunne","80":"product_tag-mattia-balsamini","81":"product_tag-meghann-riepenhoff","82":"product_tag-melissa-catanese","83":"product_tag-mendia-echeverria","84":"product_tag-michael-romstock","85":"product_tag-michele-buda","86":"product_tag-mona-kuhn","87":"product_tag-morganna-magee","88":"product_tag-nicolai-howalt","89":"product_tag-okuyama-miyuki","90":"product_tag-oriane-thomasson","91":"product_tag-paula-anta","92":"product_tag-pea-guilmoth","93":"product_tag-peter-funch","94":"product_tag-peter-granser","95":"product_tag-philippe-fragniere","96":"product_tag-regina-anzenberger","97":"product_tag-robbie-lawrence","98":"product_tag-rory-king","99":"product_tag-sabine-bungert","100":"product_tag-sabine-hess","101":"product_tag-saito-yoshinori","102":"product_tag-samuel-james","103":"product_tag-sandrine-marc","104":"product_tag-sara-skorgan-teigen","105":"product_tag-saskia-groneberg","106":"product_tag-sheung-yiu","107":"product_tag-shiraishi-shinichiro","108":"product_tag-sibylle-eimermacher","109":"product_tag-simon-brugner","110":"product_tag-simone-gooch","111":"product_tag-siri-ekker-svendsen","112":"product_tag-stefan-dolfen","113":"product_tag-tanya-marcuse","114":"product_tag-tealia-ellis-ritter","115":"product_tag-terri-weifenbach","116":"product_tag-tim-barber","117":"product_tag-tim-carpenter","118":"product_tag-tommy-nease","119":"product_tag-valentina-piccinni","120":"product_tag-ville-kansanen","121":"product_tag-virginia-wilcox","122":"product_tag-yann-gross","123":"product_tag-yokonami-osamu","124":"product_tag-zindzi-zwietering","126":"first","127":"instock","128":"shipping-taxable","129":"purchasable","130":"product-type-simple"},"_links":{"self":[{"href":"https:\/\/www.palazzomagnani.it\/myfpm\/wp-json\/wp\/v2\/product\/2857","targetHints":{"allow":["GET"]}}],"collection":[{"href":"https:\/\/www.palazzomagnani.it\/myfpm\/wp-json\/wp\/v2\/product"}],"about":[{"href":"https:\/\/www.palazzomagnani.it\/myfpm\/wp-json\/wp\/v2\/types\/product"}],"wp:featuredmedia":[{"embeddable":true,"href":"https:\/\/www.palazzomagnani.it\/myfpm\/wp-json\/wp\/v2\/media\/2863"}],"wp:attachment":[{"href":"https:\/\/www.palazzomagnani.it\/myfpm\/wp-json\/wp\/v2\/media?parent=2857"}],"wp:term":[{"taxonomy":"product_brand","embeddable":true,"href":"https:\/\/www.palazzomagnani.it\/myfpm\/wp-json\/wp\/v2\/product_brand?post=2857"},{"taxonomy":"product_cat","embeddable":true,"href":"https:\/\/www.palazzomagnani.it\/myfpm\/wp-json\/wp\/v2\/product_cat?post=2857"},{"taxonomy":"product_tag","embeddable":true,"href":"https:\/\/www.palazzomagnani.it\/myfpm\/wp-json\/wp\/v2\/product_tag?post=2857"}],"curies":[{"name":"wp","href":"https:\/\/api.w.org\/{rel}","templated":true}]}}