{"id":2889,"date":"2024-07-29T12:03:02","date_gmt":"2024-07-29T10:03:02","guid":{"rendered":"https:\/\/www.palazzomagnani.it\/myfpm\/?post_type=product&#038;p=2889"},"modified":"2025-05-23T12:27:50","modified_gmt":"2025-05-23T10:27:50","slug":"paralipomena","status":"publish","type":"product","link":"https:\/\/www.palazzomagnani.it\/myfpm\/prodotto\/paralipomena\/","title":{"rendered":"Paralipomena"},"content":{"rendered":"<p>I <strong>paralipomena<\/strong> sono le cose omesse, taciute, tralasciate o trascurate, ma anche quelle che costituiscono la continuazione, il proseguimento, per certi versi il compimento stesso di ci\u00f2 che \u00e8 stato fatto precedentemente. \u00c8 appunto in questa duplice accezione che si possono intendere le immagini di <strong>Joan Fontcuberta<\/strong> (Barcellona, 1855), pirotecnico fotografo spagnolo che, ammaliato dai reperti della collezione Spallanzani di Reggio Emilia gi\u00e0 nel 1980, \u00e8 ritornato nel 2015 sul soggetto, ampliando la ricerca ad altre collezioni e citt\u00e0. Nel volume viene cos\u00ec presentata una selezione dei suoi lavori pi\u00f9 recenti realizzati presso i Musei Civici e la Biblioteca Panizzi di Reggio Emilia, il Museo di Storia Naturale dell\u2019Universit\u00e0 di Pavia, cos\u00ec come in altre universit\u00e0 e musei di Bologna e dell\u2019Emilia Romagna. Il volume accoglie un testo di Elio Grazioli.<\/p>\n<p>&nbsp;<\/p>\n<p>&nbsp;<\/p>\n","protected":false},"excerpt":{"rendered":"<p><strong>Paralipomena di Joan Fontcuberta<\/strong><\/p>\n<p>Silvana Editoriale<br \/>\nCartonato<br \/>\n21 x 21 cm<br \/>\n64 pagine<br \/>\nANNO 2016<br \/>\nISBN: 9788836634415<\/p>\n<p>&nbsp;<\/p>\n","protected":false},"featured_media":2886,"template":"","meta":[],"product_brand":[],"product_cat":[30],"product_tag":[40,322,205],"class_list":{"0":"post-2889","1":"product","2":"type-product","3":"status-publish","4":"has-post-thumbnail","6":"product_cat-cataloghi-di-mostre","7":"product_tag-fotografia","8":"product_tag-fotografia-europea","9":"product_tag-joan-fontcuberta","11":"first","12":"instock","13":"sale","14":"shipping-taxable","15":"purchasable","16":"product-type-simple"},"_links":{"self":[{"href":"https:\/\/www.palazzomagnani.it\/myfpm\/wp-json\/wp\/v2\/product\/2889","targetHints":{"allow":["GET"]}}],"collection":[{"href":"https:\/\/www.palazzomagnani.it\/myfpm\/wp-json\/wp\/v2\/product"}],"about":[{"href":"https:\/\/www.palazzomagnani.it\/myfpm\/wp-json\/wp\/v2\/types\/product"}],"wp:featuredmedia":[{"embeddable":true,"href":"https:\/\/www.palazzomagnani.it\/myfpm\/wp-json\/wp\/v2\/media\/2886"}],"wp:attachment":[{"href":"https:\/\/www.palazzomagnani.it\/myfpm\/wp-json\/wp\/v2\/media?parent=2889"}],"wp:term":[{"taxonomy":"product_brand","embeddable":true,"href":"https:\/\/www.palazzomagnani.it\/myfpm\/wp-json\/wp\/v2\/product_brand?post=2889"},{"taxonomy":"product_cat","embeddable":true,"href":"https:\/\/www.palazzomagnani.it\/myfpm\/wp-json\/wp\/v2\/product_cat?post=2889"},{"taxonomy":"product_tag","embeddable":true,"href":"https:\/\/www.palazzomagnani.it\/myfpm\/wp-json\/wp\/v2\/product_tag?post=2889"}],"curies":[{"name":"wp","href":"https:\/\/api.w.org\/{rel}","templated":true}]}}