{"id":2894,"date":"2024-07-29T12:15:10","date_gmt":"2024-07-29T10:15:10","guid":{"rendered":"https:\/\/www.palazzomagnani.it\/myfpm\/?post_type=product&#038;p=2894"},"modified":"2025-05-23T12:27:38","modified_gmt":"2025-05-23T10:27:38","slug":"you-felt-the-roots-grow","status":"publish","type":"product","link":"https:\/\/www.palazzomagnani.it\/myfpm\/prodotto\/you-felt-the-roots-grow\/","title":{"rendered":"You Felt the Roots Grow"},"content":{"rendered":"<p><strong>You Felt the Roots Grow di Sabine Hess<\/strong><\/p>\n<p>Design by Nicolas Polli<\/p>\n<p>\u201cTengo la tua mano e, con attenzione, cerco di catturarla.Imprimo nel mio cervello la consistenza della tua pelle rugosa, il calore del tuo tocco, il modo in cui le tue dita avvolgono le mie\u201d.<\/p>\n<p>Dopo sette anni di malattia, la battaglia di mio padre contro il cancro stava volgendo al termine. Ero combattuta da emozioni contrastanti, poich\u00e9 mia sorella era diventata madre nello stesso periodo in cui la salute di mio padre era peggiorata. Vedere una nuova vita crescere mentre un&#8217;altra si indebolisce ha ridefinito la mia concezione del tempo: \u00e8 diventato chiaro quanto la vita sia davvero fragile. A volte, quando la casa mi sembrava troppo vicina, la natura offriva alla mia mente un luogo sicuro dove riposare. Nel frattempo, la lenta crescita e il decadimento della foresta assomigliavano alla malattia che stava consumando la vita come la conoscevo. <strong>You Felt the Roots Grow<\/strong> \u00e8 nato in un momento di passaggio tra la speranza e il dolore. \u00c8 la mia esperienza personale di figlia, in cui affronto l&#8217;agrodolce della caducit\u00e0, la poesia della perdita e l&#8217;incompletezza della memoria.<\/p>\n<p>&nbsp;<\/p>\n<p>&nbsp;<\/p>\n","protected":false},"excerpt":{"rendered":"<p><strong>You Felt the Roots Grow di Sabine Hess<\/strong><br \/>\n<strong>edit by WITTY BOOKS\u00a0| in collaboration with Ciao Press<\/strong><\/p>\n<p>May 2023<br \/>\n22&#215;27 cm<br \/>\n128 pagine<br \/>\nISBN 979-12-80177-25-4<\/p>\n<p>&nbsp;<\/p>\n","protected":false},"featured_media":2896,"template":"","meta":[],"product_brand":[],"product_cat":[30],"product_tag":[40,322,382],"class_list":{"0":"post-2894","1":"product","2":"type-product","3":"status-publish","4":"has-post-thumbnail","6":"product_cat-cataloghi-di-mostre","7":"product_tag-fotografia","8":"product_tag-fotografia-europea","9":"product_tag-sabine-hess","11":"first","12":"outofstock","13":"sale","14":"shipping-taxable","15":"purchasable","16":"product-type-simple"},"_links":{"self":[{"href":"https:\/\/www.palazzomagnani.it\/myfpm\/wp-json\/wp\/v2\/product\/2894","targetHints":{"allow":["GET"]}}],"collection":[{"href":"https:\/\/www.palazzomagnani.it\/myfpm\/wp-json\/wp\/v2\/product"}],"about":[{"href":"https:\/\/www.palazzomagnani.it\/myfpm\/wp-json\/wp\/v2\/types\/product"}],"wp:featuredmedia":[{"embeddable":true,"href":"https:\/\/www.palazzomagnani.it\/myfpm\/wp-json\/wp\/v2\/media\/2896"}],"wp:attachment":[{"href":"https:\/\/www.palazzomagnani.it\/myfpm\/wp-json\/wp\/v2\/media?parent=2894"}],"wp:term":[{"taxonomy":"product_brand","embeddable":true,"href":"https:\/\/www.palazzomagnani.it\/myfpm\/wp-json\/wp\/v2\/product_brand?post=2894"},{"taxonomy":"product_cat","embeddable":true,"href":"https:\/\/www.palazzomagnani.it\/myfpm\/wp-json\/wp\/v2\/product_cat?post=2894"},{"taxonomy":"product_tag","embeddable":true,"href":"https:\/\/www.palazzomagnani.it\/myfpm\/wp-json\/wp\/v2\/product_tag?post=2894"}],"curies":[{"name":"wp","href":"https:\/\/api.w.org\/{rel}","templated":true}]}}