{"id":2897,"date":"2024-07-29T12:23:17","date_gmt":"2024-07-29T10:23:17","guid":{"rendered":"https:\/\/www.palazzomagnani.it\/myfpm\/?post_type=product&#038;p=2897"},"modified":"2025-05-23T12:28:04","modified_gmt":"2025-05-23T10:28:04","slug":"cotton-candy","status":"publish","type":"product","link":"https:\/\/www.palazzomagnani.it\/myfpm\/prodotto\/cotton-candy\/","title":{"rendered":"Cotton Candy"},"content":{"rendered":"<p><strong>Cotton Candy di Marta Viola\u00a0<\/strong><\/p>\n<p>Cotton Candy \u00e8 nato molto prima che me ne accorgessi. Volevo dar voce a qualcosa che ha fatto molta fatica a materializzarsi concretamente, perch\u00e9 si muoveva in sordina. Ogni volta che iniziavo un pensiero riguardo all&#8217;esperienza del corpo toccavo punti ipersensibili e non riuscivo ad andare oltre. Cos\u00ec mi sono aperta all&#8217;incontro e al dialogo con altre donne, volevo andare oltre il mio vissuto per comprendere quello altrui e ritrovarmi nelle narrazioni. Il corpo non \u00e8 un&#8217;entit\u00e0 isolata dal mondo in cui si muove. Mi sono interrogata sui termini &#8220;difettoso&#8221; e &#8220;improduttivo&#8221; e sull&#8217;induzione all&#8217;essere necessariamente performante. Nonostante la grande consapevolezza non riuscivo a capire il motivo per cui non ci sentiamo bene in un corpo che cambia. Il cambiamento fisico \u00e8 un evento inevitabile nel tempo ma pu\u00f2 anche avvenire in maniera drastica. Soprattutto qui nasce lo scollamento, l&#8217;elaborazione richiesta \u00e8 molto rapida ma il contenuto emotivo proporzionalmente ampio. Se fossimo abituate a pensare e definire la nostra identit\u00e0 corporea in maniera pi\u00f9 aderente alla realt\u00e0, il sentimento di distacco da ci\u00f2 che viene definita normalit\u00e0 forse sarebbe diverso.<\/p>\n<p>&nbsp;<\/p>\n<p>&nbsp;<\/p>\n","protected":false},"excerpt":{"rendered":"<p><strong>Cotton Candy di Marta Viola\u00a0<\/strong><br \/>\n<strong>edit by YOGURT<\/strong><\/p>\n<p>2021<br \/>\n136 pagine<br \/>\nEAN 9788894634808<\/p>\n<p>&nbsp;<\/p>\n","protected":false},"featured_media":2898,"template":"","meta":[],"product_brand":[],"product_cat":[30],"product_tag":[40,322,459],"class_list":{"0":"post-2897","1":"product","2":"type-product","3":"status-publish","4":"has-post-thumbnail","6":"product_cat-cataloghi-di-mostre","7":"product_tag-fotografia","8":"product_tag-fotografia-europea","9":"product_tag-marta-viola","11":"first","12":"outofstock","13":"sale","14":"shipping-taxable","15":"purchasable","16":"product-type-simple"},"_links":{"self":[{"href":"https:\/\/www.palazzomagnani.it\/myfpm\/wp-json\/wp\/v2\/product\/2897","targetHints":{"allow":["GET"]}}],"collection":[{"href":"https:\/\/www.palazzomagnani.it\/myfpm\/wp-json\/wp\/v2\/product"}],"about":[{"href":"https:\/\/www.palazzomagnani.it\/myfpm\/wp-json\/wp\/v2\/types\/product"}],"wp:featuredmedia":[{"embeddable":true,"href":"https:\/\/www.palazzomagnani.it\/myfpm\/wp-json\/wp\/v2\/media\/2898"}],"wp:attachment":[{"href":"https:\/\/www.palazzomagnani.it\/myfpm\/wp-json\/wp\/v2\/media?parent=2897"}],"wp:term":[{"taxonomy":"product_brand","embeddable":true,"href":"https:\/\/www.palazzomagnani.it\/myfpm\/wp-json\/wp\/v2\/product_brand?post=2897"},{"taxonomy":"product_cat","embeddable":true,"href":"https:\/\/www.palazzomagnani.it\/myfpm\/wp-json\/wp\/v2\/product_cat?post=2897"},{"taxonomy":"product_tag","embeddable":true,"href":"https:\/\/www.palazzomagnani.it\/myfpm\/wp-json\/wp\/v2\/product_tag?post=2897"}],"curies":[{"name":"wp","href":"https:\/\/api.w.org\/{rel}","templated":true}]}}