{"id":2901,"date":"2024-07-29T12:41:03","date_gmt":"2024-07-29T10:41:03","guid":{"rendered":"https:\/\/www.palazzomagnani.it\/myfpm\/?post_type=product&#038;p=2901"},"modified":"2025-05-07T13:33:12","modified_gmt":"2025-05-07T11:33:12","slug":"shifters","status":"publish","type":"product","link":"https:\/\/www.palazzomagnani.it\/myfpm\/prodotto\/shifters\/","title":{"rendered":"SHIFTERS"},"content":{"rendered":"<p><strong>Shifters di Marta Bogda\u0144ska\u00a0<\/strong><\/p>\n<p>Concept, editing and graphic design: Marta Bogda\u0144ska<br \/>\nTexts: \u00c9ric Baratay, Helen Korpak, Stefan Lorenzutti, Jon Schubin, Samuel Tchorek-Bentall<\/p>\n<p>Partendo da concetti come la \u201cstoria dal punto di vista animale\u201d di \u00c9ric Baratay, la \u201cbiopolitica\u201d di Michel Foucault e l&#8217;\u201cimmagine povera\u201d di Hito Steyerl, nonch\u00e9 dalle nuove teorie materialiste e femministe, Bogda\u0144ska conduce il lettore in un&#8217;esplorazione artistica ed etica della presenza degli animali all&#8217;interno dell&#8217;apparato delle istituzioni di difesa occidentali dalla fine del XIX secolo agli anni Settanta. Lungo il percorso, l&#8217;autrice mette in discussione l&#8217;eredit\u00e0 giudaico-cristiana utilizzata per negare agli animali la loro capacit\u00e0 di agire e giustificare il loro sfruttamento, e cerca di sviluppare una comprensione pi\u00f9 sfumata della nostra iniqua coesistenza con loro. I testi degli scrittori che hanno contribuito si intrecciano con il materiale visivo. Sulla base delle scoperte di Bogda\u0144ska, i testi si diramano, aprendo le porte a ulteriori interpretazioni. Per questo volume, Bogda\u0144ska ha deciso di evitare qualsiasi approccio in cui l&#8217;editing avrebbe limitato il materiale. Al contrario, ha cercato di abbracciare la profusione, organizzandola in sequenze stratificate di associazioni e narrazioni visive per mostrare la scala e la portata del lavoro animale, il coraggio e il sacrificio degli animali, la loro stanchezza e sofferenza. Di conseguenza, chiunque prenda in mano questo libro sentir\u00e0 immediatamente, sia letteralmente che metaforicamente, il peso e l&#8217;onere del suo contenuto.<\/p>\n<p>&nbsp;<\/p>\n<p>&nbsp;<\/p>\n","protected":false},"excerpt":{"rendered":"<p><strong>Shifters di Marta Bogda\u0144ska\u00a0<\/strong><br \/>\n<strong>edit by Fundacja Sztuk Wizualnych<\/strong><\/p>\n<p>Premi e riconoscimenti:<\/p>\n<p>PHotoESPA\u00d1A Best International Photography Publication of the Year 2022<br \/>\nSpecial Mention at Fotograficzna Publikacja Roku 2022<br \/>\nKassel Dummy Award 2020, shortlist<br \/>\nLuma Rencontres Dummy Book Award Arles, shortlist 2020<br \/>\nMACK First Book Award, shortlist 2020<\/p>\n<p>21&#215;14,54 cm<br \/>\nISBN: 978-83-62978-38-0<\/p>\n<p>&nbsp;<\/p>\n","protected":false},"featured_media":2903,"template":"","meta":[],"product_brand":[],"product_cat":[30],"product_tag":[40,322,460],"class_list":{"0":"post-2901","1":"product","2":"type-product","3":"status-publish","4":"has-post-thumbnail","6":"product_cat-cataloghi-di-mostre","7":"product_tag-fotografia","8":"product_tag-fotografia-europea","9":"product_tag-marta-bogdanska","11":"first","12":"instock","13":"sale","14":"shipping-taxable","15":"purchasable","16":"product-type-simple"},"_links":{"self":[{"href":"https:\/\/www.palazzomagnani.it\/myfpm\/wp-json\/wp\/v2\/product\/2901","targetHints":{"allow":["GET"]}}],"collection":[{"href":"https:\/\/www.palazzomagnani.it\/myfpm\/wp-json\/wp\/v2\/product"}],"about":[{"href":"https:\/\/www.palazzomagnani.it\/myfpm\/wp-json\/wp\/v2\/types\/product"}],"wp:featuredmedia":[{"embeddable":true,"href":"https:\/\/www.palazzomagnani.it\/myfpm\/wp-json\/wp\/v2\/media\/2903"}],"wp:attachment":[{"href":"https:\/\/www.palazzomagnani.it\/myfpm\/wp-json\/wp\/v2\/media?parent=2901"}],"wp:term":[{"taxonomy":"product_brand","embeddable":true,"href":"https:\/\/www.palazzomagnani.it\/myfpm\/wp-json\/wp\/v2\/product_brand?post=2901"},{"taxonomy":"product_cat","embeddable":true,"href":"https:\/\/www.palazzomagnani.it\/myfpm\/wp-json\/wp\/v2\/product_cat?post=2901"},{"taxonomy":"product_tag","embeddable":true,"href":"https:\/\/www.palazzomagnani.it\/myfpm\/wp-json\/wp\/v2\/product_tag?post=2901"}],"curies":[{"name":"wp","href":"https:\/\/api.w.org\/{rel}","templated":true}]}}