{"id":2971,"date":"2024-12-10T16:57:58","date_gmt":"2024-12-10T15:57:58","guid":{"rendered":"https:\/\/www.palazzomagnani.it\/myfpm\/?post_type=product&#038;p=2971"},"modified":"2025-06-25T11:11:32","modified_gmt":"2025-06-25T09:11:32","slug":"davide-benati","status":"publish","type":"product","link":"https:\/\/www.palazzomagnani.it\/myfpm\/prodotto\/davide-benati\/","title":{"rendered":"Encantadas di Davide Benati"},"content":{"rendered":"<p>Catalogo a corredo della mostra <strong>Encantadas<\/strong>, a Palazzo da Mosto (7 dicembre 2024 &#8211; 2 marzo 2025) \u00a0di Reggio Emilia.<\/p>\n<p>Il volume presenta l\u2019opera di <strong>Davide Benati<\/strong> (Reggio Emilia, 1949), che torna ad esporre nella sua citt\u00e0 natale presentando una panoramica del suo intero percorso artistico, ormai quarantennale, attraverso opere storiche e inedite.<\/p>\n<p>La pubblicazione, dal titolo Encantadas, si apre con la produzione dei primi anni Ottanta, che ha dato notoriet\u00e0 a Benati: acquarelli di grande formato su carta di riso di raffinata sensibilit\u00e0, immagini eteree che uniscono Oriente ed Occidente, sogno e realt\u00e0. Prosegue poi con una scelta di opere realizzate tra gli anni Novanta e l\u2019inizio del nuovo millennio e si conclude con una serie di grandi trittici inediti, che testimoniano la continuit\u00e0 dell\u2019ispirazione di Benati e il suo straordinario uso della luce e del colore.<\/p>\n","protected":false},"excerpt":{"rendered":"<p><strong>Encatadas di Davide Benati<\/strong><\/p>\n<p><strong>Cimorelli Editore<\/strong><br \/>\na cura di Walter Guadagnini con Silvia Cavalchi<br \/>\n28\u00d724 cm<br \/>\n144 pagine<\/p>\n<p>&nbsp;<\/p>\n<p>&nbsp;<\/p>\n","protected":false},"featured_media":2972,"template":"","meta":[],"product_brand":[],"product_cat":[30,468],"product_tag":[56,57],"class_list":{"0":"post-2971","1":"product","2":"type-product","3":"status-publish","4":"has-post-thumbnail","6":"product_cat-cataloghi-di-mostre","7":"product_cat-mostre-in-corso","8":"product_tag-acquerello","9":"product_tag-davide-benati","11":"first","12":"instock","13":"shipping-taxable","14":"purchasable","15":"product-type-simple"},"_links":{"self":[{"href":"https:\/\/www.palazzomagnani.it\/myfpm\/wp-json\/wp\/v2\/product\/2971","targetHints":{"allow":["GET"]}}],"collection":[{"href":"https:\/\/www.palazzomagnani.it\/myfpm\/wp-json\/wp\/v2\/product"}],"about":[{"href":"https:\/\/www.palazzomagnani.it\/myfpm\/wp-json\/wp\/v2\/types\/product"}],"wp:featuredmedia":[{"embeddable":true,"href":"https:\/\/www.palazzomagnani.it\/myfpm\/wp-json\/wp\/v2\/media\/2972"}],"wp:attachment":[{"href":"https:\/\/www.palazzomagnani.it\/myfpm\/wp-json\/wp\/v2\/media?parent=2971"}],"wp:term":[{"taxonomy":"product_brand","embeddable":true,"href":"https:\/\/www.palazzomagnani.it\/myfpm\/wp-json\/wp\/v2\/product_brand?post=2971"},{"taxonomy":"product_cat","embeddable":true,"href":"https:\/\/www.palazzomagnani.it\/myfpm\/wp-json\/wp\/v2\/product_cat?post=2971"},{"taxonomy":"product_tag","embeddable":true,"href":"https:\/\/www.palazzomagnani.it\/myfpm\/wp-json\/wp\/v2\/product_tag?post=2971"}],"curies":[{"name":"wp","href":"https:\/\/api.w.org\/{rel}","templated":true}]}}