{"id":3145,"date":"2025-08-01T14:30:51","date_gmt":"2025-08-01T12:30:51","guid":{"rendered":"https:\/\/www.palazzomagnani.it\/myfpm\/?post_type=product&#038;p=3145"},"modified":"2025-08-01T14:36:07","modified_gmt":"2025-08-01T12:36:07","slug":"dead-end-nicola-moscelli","status":"publish","type":"product","link":"https:\/\/www.palazzomagnani.it\/myfpm\/prodotto\/dead-end-nicola-moscelli\/","title":{"rendered":"Dead end &#8211; Nicola Moscelli"},"content":{"rendered":"<p>Tra i tanti costrutti umani il confine figura senz&#8217;altro tra quelli pi\u00f9 impattanti nella vita delle comunit\u00e0 e sulla demarcazione della geografia terrestre. Quello tra Stati Uniti e Messico \u00e8 senz&#8217;altro paradigmatico, e perci\u00f2 ampiamente documentato, oltre che esplorato dal cinema e dalla fotografia. Il volume Dead End di Nicola Moscelli prova ad osservarlo diversamente. Come? Intersecando la vista stradale, arbitraria della spazialit\u00e0 &#8220;Pegman&#8221; con altrettante direttrici materiali (storica e letteraria ad esempio) che ne espandono la definizione. Il confine non \u00e8 solo un tratteggio superficiale o amministrativo bens\u00ec tessuto vivo innervato di relazioni che ne aumentano la trama e la comprensione. Il libro stesso \u00e8 disegnato per accogliere tale reciprocit\u00e0 e il lettore pu\u00f2 cos\u00ec attraversare a piacimento il confine. Dead End, vicolo cieco, reca il titolo. Se ne contano a migliaia di queste &#8220;vie&#8221; che terminano bruscamente. Moscelli ne ha mappate moltissime, in comune hanno il retrogusto di una storia interrotta, di una magia sospesa, di un senso che si perde nel nulla. L&#8217;autore restituisce loro una prospettiva con incursioni testuali, citazioni e approfondimenti. Completano la visione le letture di Maceo Montoya, Miriam Ticktin, e Steve Bisson. L&#8217;indagine apre ad un metodo che si appropria di reperti visuali e scorie computazionali per rilanciare il confine come dispositivo interpretativo, concettuale e ottico. Benvenuta alla neo archeologia &#8220;scopica&#8221; che impiega le immagini come fossili della memoria sociale.<\/p>\n<p>&nbsp;<\/p>\n","protected":false},"excerpt":{"rendered":"<p><strong>Dead End di Nicola Moscelli<\/strong><\/p>\n<p>Penisola Edizioni, 2024<br \/>\nIn collaborazione con Antiga Edizioni<br \/>\nPrima edizione, 500 copie<br \/>\nTesti: Steve Bisson, Maceo Montoya, Nicola Moscelli and Miriam Ticktin<br \/>\nGraphic design, cartografia: Roberto Vito D\u2019Amico<br \/>\n20 cm x 29,7 cm<br \/>\n360 pagine, fotografie a colori e in b\/n<br \/>\nLingua inglese<br \/>\nISBN 9788884354532<\/p>\n<p>&nbsp;<\/p>\n","protected":false},"featured_media":3146,"template":"","meta":[],"product_brand":[],"product_cat":[30],"product_tag":[40,512],"class_list":{"0":"post-3145","1":"product","2":"type-product","3":"status-publish","4":"has-post-thumbnail","6":"product_cat-cataloghi-di-mostre","7":"product_tag-fotografia","8":"product_tag-nicola-moscelli","10":"first","11":"instock","12":"featured","13":"shipping-taxable","14":"purchasable","15":"product-type-simple"},"_links":{"self":[{"href":"https:\/\/www.palazzomagnani.it\/myfpm\/wp-json\/wp\/v2\/product\/3145","targetHints":{"allow":["GET"]}}],"collection":[{"href":"https:\/\/www.palazzomagnani.it\/myfpm\/wp-json\/wp\/v2\/product"}],"about":[{"href":"https:\/\/www.palazzomagnani.it\/myfpm\/wp-json\/wp\/v2\/types\/product"}],"wp:featuredmedia":[{"embeddable":true,"href":"https:\/\/www.palazzomagnani.it\/myfpm\/wp-json\/wp\/v2\/media\/3146"}],"wp:attachment":[{"href":"https:\/\/www.palazzomagnani.it\/myfpm\/wp-json\/wp\/v2\/media?parent=3145"}],"wp:term":[{"taxonomy":"product_brand","embeddable":true,"href":"https:\/\/www.palazzomagnani.it\/myfpm\/wp-json\/wp\/v2\/product_brand?post=3145"},{"taxonomy":"product_cat","embeddable":true,"href":"https:\/\/www.palazzomagnani.it\/myfpm\/wp-json\/wp\/v2\/product_cat?post=3145"},{"taxonomy":"product_tag","embeddable":true,"href":"https:\/\/www.palazzomagnani.it\/myfpm\/wp-json\/wp\/v2\/product_tag?post=3145"}],"curies":[{"name":"wp","href":"https:\/\/api.w.org\/{rel}","templated":true}]}}