{"id":3259,"date":"2026-01-09T09:53:24","date_gmt":"2026-01-09T08:53:24","guid":{"rendered":"https:\/\/www.palazzomagnani.it\/myfpm\/?post_type=product&#038;p=3259"},"modified":"2026-01-09T10:06:58","modified_gmt":"2026-01-09T09:06:58","slug":"nazzarena-poli-maramotti","status":"publish","type":"product","link":"https:\/\/www.palazzomagnani.it\/myfpm\/prodotto\/nazzarena-poli-maramotti\/","title":{"rendered":"Jardin Plan\u00e9taire di Nazzarena Poli Maramotti"},"content":{"rendered":"<p>Catalogo a corredo della mostra <strong>Jardin Plan\u00e9taire<\/strong> di <strong>Nazzarena Poli Maramotti<\/strong>, a Palazzo da Mosto (6 dicembre 2025 &#8211; 6 gennaio 2026) \u00a0di Reggio Emilia.<\/p>\n<p>Jardin Plan\u00e9taire \u00e8 viaggio coinvolgente nell\u2019universo artistico di Nazzarena Poli Maramotti (Montecchio Emilia, 1987) tra tele, ceramiche, carte e objets trouv\u00e9s. Il catalogo propone una panoramica sul lavoro dell\u2019artista reggiana, da sempre focalizzato sul tema del paesaggio, genere che dialoga con la storia dell\u2019arte moderna ma che si rigenera attraverso un archivio personale fatto di fotografie, ritagli, carte e materiali visivi trasformati dal tempo. Nelle opere le pennellate dense e gestuali, i colori vibranti e un reticolato materico che rompe la bidimensionalit\u00e0, restituiscono al paesaggio una nuova energia vitale. Parte integrante del processo di dissoluzione del conosciuto, per Poli Maramotti \u00e8 la riflessione sul caso e sull\u2019errore, intesi come motori fondamentali del processo creativo. L\u2019errore diventa passaggio, trasformazione, possibilit\u00e0, ogni evento assume una sua ragion d\u2019essere, generando nuove connessioni visive e concettuali.<\/p>\n<p>Il titolo Jardin Plan\u00e9taire si ispira a questa visione. L\u2019artista si riconosce nel ruolo di \u201cgiardiniere planetario\u201d, impegnata a negoziare il rapporto tra s\u00e9 e l\u2019ambiente che la circonda. Nelle sue opere, il giardino \u00e8 metafora di un equilibrio dinamico: \u00e8 lo spazio dell\u2019incolto il pi\u00f9 vitale, quello dove la biodiversit\u00e0 prospera e la variazione pu\u00f2 esprimersi, grazie all\u2019imprevisto. Come un giardiniere attento, l\u2019artista quindi accetta la necessit\u00e0 di lasciar fare, di riconoscere nell\u2019imperfezione e nel disordine la condizione pi\u00f9 autentica del mondo vivente.<\/p>\n","protected":false},"excerpt":{"rendered":"<p><strong>Jardin Plan\u00e9taire<\/strong><br \/>\ndi Nazzarena Poli Maramotti<\/p>\n<p>17&#215;24 cm<br \/>\n32 pagine<\/p>\n<p>&nbsp;<\/p>\n<p>&nbsp;<\/p>\n","protected":false},"featured_media":3260,"template":"","meta":[],"product_brand":[],"product_cat":[30,468],"product_tag":[513,514,48],"class_list":{"0":"post-3259","1":"product","2":"type-product","3":"status-publish","4":"has-post-thumbnail","6":"product_cat-cataloghi-di-mostre","7":"product_cat-mostre-in-corso","8":"product_tag-ceramica","9":"product_tag-nazzarena-poli-maramotti","10":"product_tag-pittura","12":"first","13":"instock","14":"featured","15":"shipping-taxable","16":"purchasable","17":"product-type-simple"},"_links":{"self":[{"href":"https:\/\/www.palazzomagnani.it\/myfpm\/wp-json\/wp\/v2\/product\/3259","targetHints":{"allow":["GET"]}}],"collection":[{"href":"https:\/\/www.palazzomagnani.it\/myfpm\/wp-json\/wp\/v2\/product"}],"about":[{"href":"https:\/\/www.palazzomagnani.it\/myfpm\/wp-json\/wp\/v2\/types\/product"}],"wp:featuredmedia":[{"embeddable":true,"href":"https:\/\/www.palazzomagnani.it\/myfpm\/wp-json\/wp\/v2\/media\/3260"}],"wp:attachment":[{"href":"https:\/\/www.palazzomagnani.it\/myfpm\/wp-json\/wp\/v2\/media?parent=3259"}],"wp:term":[{"taxonomy":"product_brand","embeddable":true,"href":"https:\/\/www.palazzomagnani.it\/myfpm\/wp-json\/wp\/v2\/product_brand?post=3259"},{"taxonomy":"product_cat","embeddable":true,"href":"https:\/\/www.palazzomagnani.it\/myfpm\/wp-json\/wp\/v2\/product_cat?post=3259"},{"taxonomy":"product_tag","embeddable":true,"href":"https:\/\/www.palazzomagnani.it\/myfpm\/wp-json\/wp\/v2\/product_tag?post=3259"}],"curies":[{"name":"wp","href":"https:\/\/api.w.org\/{rel}","templated":true}]}}